{"id":11414,"date":"2023-11-21T14:11:38","date_gmt":"2023-11-21T12:11:38","guid":{"rendered":"https:\/\/medplan-imaging.com\/o-nas\/"},"modified":"2024-05-02T14:01:28","modified_gmt":"2024-05-02T12:01:28","slug":"o-nas","status":"publish","type":"page","link":"https:\/\/medplan-imaging.com\/pl\/o-nas\/","title":{"rendered":"O nas"},"content":{"rendered":"\t\t<div data-elementor-type=\"wp-page\" data-elementor-id=\"11414\" class=\"elementor elementor-11414\" data-elementor-post-type=\"page\">\n\t\t\t\t<div class=\"elementor-element elementor-element-791a652 e-con-full e-flex elementor-invisible e-con e-parent\" data-id=\"791a652\" data-element_type=\"container\" data-e-type=\"container\" data-settings=\"{&quot;background_background&quot;:&quot;classic&quot;,&quot;animation&quot;:&quot;fadeIn&quot;}\">\n\t\t<div class=\"elementor-element elementor-element-21bcc0c e-con-full animated-slow e-flex elementor-invisible e-con e-child\" data-id=\"21bcc0c\" data-element_type=\"container\" data-e-type=\"container\" data-settings=\"{&quot;animation&quot;:&quot;fadeInUp&quot;,&quot;animation_delay&quot;:500}\">\n\t\t\t\t<div class=\"elementor-element elementor-element-fe38070 elementor-widget elementor-widget-image\" data-id=\"fe38070\" data-element_type=\"widget\" data-e-type=\"widget\" data-widget_type=\"image.default\">\n\t\t\t\t<div class=\"elementor-widget-container\">\n\t\t\t\t\t\t\t\t\t\t\t\t\t\t\t<img fetchpriority=\"high\" decoding=\"async\" width=\"1600\" height=\"418\" src=\"https:\/\/medplan-imaging.com\/wp-content\/uploads\/2023\/11\/Logo_white111.png\" class=\"attachment-full size-full wp-image-2359\" alt=\"\" srcset=\"https:\/\/medplan-imaging.com\/wp-content\/uploads\/2023\/11\/Logo_white111.png 1600w, https:\/\/medplan-imaging.com\/wp-content\/uploads\/2023\/11\/Logo_white111-600x157.png 600w, https:\/\/medplan-imaging.com\/wp-content\/uploads\/2023\/11\/Logo_white111-300x78.png 300w, https:\/\/medplan-imaging.com\/wp-content\/uploads\/2023\/11\/Logo_white111-1024x268.png 1024w, https:\/\/medplan-imaging.com\/wp-content\/uploads\/2023\/11\/Logo_white111-768x201.png 768w, https:\/\/medplan-imaging.com\/wp-content\/uploads\/2023\/11\/Logo_white111-1536x401.png 1536w, https:\/\/medplan-imaging.com\/wp-content\/uploads\/2023\/11\/Logo_white111-2048x535.png 2048w\" sizes=\"(max-width: 1600px) 100vw, 1600px\" \/>\t\t\t\t\t\t\t\t\t\t\t\t\t\t\t<\/div>\n\t\t\t\t<\/div>\n\t\t\t\t<\/div>\n\t\t<div class=\"elementor-element elementor-element-cb12e32 e-con-full animated-slow e-flex elementor-invisible e-con e-child\" data-id=\"cb12e32\" data-element_type=\"container\" data-e-type=\"container\" data-settings=\"{&quot;animation&quot;:&quot;fadeInUp&quot;}\">\n\t\t\t\t<div class=\"elementor-element elementor-element-fb657a1 elementor-widget elementor-widget-text-editor\" data-id=\"fb657a1\" data-element_type=\"widget\" data-e-type=\"widget\" data-widget_type=\"text-editor.default\">\n\t\t\t\t<div class=\"elementor-widget-container\">\n\t\t\t\t\t\t\t\t\t<p>Above &amp; Beyond Imaging<\/p>\n\t\t\t\t\t\t\t\t<\/div>\n\t\t\t\t<\/div>\n\t\t\t\t<\/div>\n\t\t\t\t<\/div>\n\t\t<div class=\"elementor-element elementor-element-7ccf13d e-con-full e-flex e-con e-parent\" data-id=\"7ccf13d\" data-element_type=\"container\" data-e-type=\"container\" data-settings=\"{&quot;background_background&quot;:&quot;classic&quot;}\">\n\t\t<div class=\"elementor-element elementor-element-c974f8a e-con-full e-flex elementor-invisible e-con e-child\" data-id=\"c974f8a\" data-element_type=\"container\" data-e-type=\"container\" data-settings=\"{&quot;animation&quot;:&quot;fadeInLeft&quot;}\">\n\t\t\t\t<div class=\"elementor-element elementor-element-47d7190 elementor-widget elementor-widget-heading\" data-id=\"47d7190\" data-element_type=\"widget\" data-e-type=\"widget\" data-widget_type=\"heading.default\">\n\t\t\t\t<div class=\"elementor-widget-container\">\n\t\t\t\t\t<h2 class=\"elementor-heading-title elementor-size-default\">O MEDPLAN<\/h2>\t\t\t\t<\/div>\n\t\t\t\t<\/div>\n\t\t\t\t<div class=\"elementor-element elementor-element-7d60962 elementor-widget elementor-widget-text-editor\" data-id=\"7d60962\" data-element_type=\"widget\" data-e-type=\"widget\" data-widget_type=\"text-editor.default\">\n\t\t\t\t<div class=\"elementor-widget-container\">\n\t\t\t\t\t\t\t\t\t<p>Oferujemy dost\u0119p do niezr\u00f3wnanych innowacji, kompleksowych rozwi\u0105za\u0144, nowoczesnej edukacji w dziedzinie diagnostyki obrazowej. Razem mo\u017cemy zrewolucjonizowa\u0107 system opieki zdrowotnej i zmieni\u0107 przysz\u0142o\u015b\u0107 diagnostyki obrazowej.<\/p>\n\t\t\t\t\t\t\t\t<\/div>\n\t\t\t\t<\/div>\n\t\t\t\t<\/div>\n\t\t<div class=\"elementor-element elementor-element-04d5d9b e-con-full e-flex elementor-invisible e-con e-child\" data-id=\"04d5d9b\" data-element_type=\"container\" data-e-type=\"container\" data-settings=\"{&quot;animation&quot;:&quot;fadeInRight&quot;}\">\n\t\t\t\t<div class=\"elementor-element elementor-element-a7e316f elementor-widget elementor-widget-heading\" data-id=\"a7e316f\" data-element_type=\"widget\" data-e-type=\"widget\" data-widget_type=\"heading.default\">\n\t\t\t\t<div class=\"elementor-widget-container\">\n\t\t\t\t\t<h2 class=\"elementor-heading-title elementor-size-default\">NASZA MISJA<\/h2>\t\t\t\t<\/div>\n\t\t\t\t<\/div>\n\t\t\t\t<div class=\"elementor-element elementor-element-6589ce6 elementor-widget elementor-widget-text-editor\" data-id=\"6589ce6\" data-element_type=\"widget\" data-e-type=\"widget\" data-widget_type=\"text-editor.default\">\n\t\t\t\t<div class=\"elementor-widget-container\">\n\t\t\t\t\t\t\t\t\t<p>Nasz\u0105 misj\u0105 jest dostarczanie kompleksowych rozwi\u0105za\u0144 spe\u0142niaj\u0105cych wszystkie potrzeby klient\u00f3w w zakresie diagnostyki obrazowej, zapewnienie personelowi medycznemu najnowocze\u015bniejszej technologii i wsparcia, kt\u00f3re nie ma sobie r\u00f3wnych.<\/p>\n\t\t\t\t\t\t\t\t<\/div>\n\t\t\t\t<\/div>\n\t\t\t\t<\/div>\n\t\t\t\t<\/div>\n\t\t<div class=\"elementor-element elementor-element-d73c246 e-con-full e-flex e-con e-parent\" data-id=\"d73c246\" data-element_type=\"container\" data-e-type=\"container\" data-settings=\"{&quot;background_background&quot;:&quot;slideshow&quot;,&quot;background_slideshow_gallery&quot;:[{&quot;id&quot;:7246,&quot;url&quot;:&quot;https:\\\/\\\/medplan-imaging.com\\\/wp-content\\\/uploads\\\/2023\\\/11\\\/shutterstock_2242349405-academy-scaled.jpg&quot;},{&quot;id&quot;:7331,&quot;url&quot;:&quot;https:\\\/\\\/medplan-imaging.com\\\/wp-content\\\/uploads\\\/2023\\\/11\\\/IMG_3518-scaled.jpg&quot;},{&quot;id&quot;:7317,&quot;url&quot;:&quot;https:\\\/\\\/medplan-imaging.com\\\/wp-content\\\/uploads\\\/2023\\\/11\\\/aerial-view-busy-highway-intersection-full-traffic-during-daytime-scaled.jpg&quot;},{&quot;id&quot;:7238,&quot;url&quot;:&quot;https:\\\/\\\/medplan-imaging.com\\\/wp-content\\\/uploads\\\/2023\\\/11\\\/photo_2023-11-26_12-50-50.jpg&quot;},{&quot;id&quot;:7247,&quot;url&quot;:&quot;https:\\\/\\\/medplan-imaging.com\\\/wp-content\\\/uploads\\\/2023\\\/11\\\/\\u2014Pngtree\\u2014ct-scannermri-machine-vector-test_10947918.png&quot;},{&quot;id&quot;:7345,&quot;url&quot;:&quot;https:\\\/\\\/medplan-imaging.com\\\/wp-content\\\/uploads\\\/2023\\\/11\\\/DSC_0019-1-scaled.jpg&quot;},{&quot;id&quot;:7311,&quot;url&quot;:&quot;https:\\\/\\\/medplan-imaging.com\\\/wp-content\\\/uploads\\\/2023\\\/11\\\/cars-driving-street-aerial-view-scaled.jpg&quot;},{&quot;id&quot;:7236,&quot;url&quot;:&quot;https:\\\/\\\/medplan-imaging.com\\\/wp-content\\\/uploads\\\/2023\\\/11\\\/Mobile.jpg&quot;},{&quot;id&quot;:7245,&quot;url&quot;:&quot;https:\\\/\\\/medplan-imaging.com\\\/wp-content\\\/uploads\\\/2023\\\/11\\\/shutterstock_1896451531-academy-scaled.jpg&quot;},{&quot;id&quot;:7344,&quot;url&quot;:&quot;https:\\\/\\\/medplan-imaging.com\\\/wp-content\\\/uploads\\\/2023\\\/11\\\/DSC_0012-scaled.jpg&quot;},{&quot;id&quot;:7524,&quot;url&quot;:&quot;https:\\\/\\\/medplan-imaging.com\\\/wp-content\\\/uploads\\\/2023\\\/11\\\/shutterstock_2202118019-academy-1-scaled.jpg&quot;},{&quot;id&quot;:7347,&quot;url&quot;:&quot;https:\\\/\\\/medplan-imaging.com\\\/wp-content\\\/uploads\\\/2023\\\/11\\\/DSC_0007-scaled.jpg&quot;},{&quot;id&quot;:7346,&quot;url&quot;:&quot;https:\\\/\\\/medplan-imaging.com\\\/wp-content\\\/uploads\\\/2023\\\/11\\\/DSC_0270-scaled.jpg&quot;},{&quot;id&quot;:7525,&quot;url&quot;:&quot;https:\\\/\\\/medplan-imaging.com\\\/wp-content\\\/uploads\\\/2023\\\/11\\\/shutterstock_776741452-parts-1-scaled.jpg&quot;},{&quot;id&quot;:7244,&quot;url&quot;:&quot;https:\\\/\\\/medplan-imaging.com\\\/wp-content\\\/uploads\\\/2023\\\/11\\\/shutterstock_1847100763-mobile-scaled.jpg&quot;},{&quot;id&quot;:7003,&quot;url&quot;:&quot;https:\\\/\\\/medplan-imaging.com\\\/wp-content\\\/uploads\\\/2023\\\/11\\\/AI_Image.jpg&quot;},{&quot;id&quot;:7002,&quot;url&quot;:&quot;https:\\\/\\\/medplan-imaging.com\\\/wp-content\\\/uploads\\\/2023\\\/11\\\/parts-scaled.jpg&quot;}],&quot;background_slideshow_lazyload&quot;:&quot;yes&quot;,&quot;background_slideshow_ken_burns&quot;:&quot;yes&quot;,&quot;background_slideshow_ken_burns_zoom_direction&quot;:&quot;out&quot;,&quot;background_slideshow_loop&quot;:&quot;yes&quot;,&quot;background_slideshow_slide_duration&quot;:5000,&quot;background_slideshow_slide_transition&quot;:&quot;fade&quot;,&quot;background_slideshow_transition_duration&quot;:500}\">\n\t\t\t\t<\/div>\n\t\t<div class=\"elementor-element elementor-element-e747fe2 e-flex e-con-boxed e-con e-parent\" data-id=\"e747fe2\" data-element_type=\"container\" data-e-type=\"container\" data-settings=\"{&quot;background_background&quot;:&quot;classic&quot;}\">\n\t\t\t\t\t<div class=\"e-con-inner\">\n\t\t\t\t<div class=\"elementor-element elementor-element-1487ff2 elementor-widget elementor-widget-spacer\" data-id=\"1487ff2\" data-element_type=\"widget\" data-e-type=\"widget\" data-widget_type=\"spacer.default\">\n\t\t\t\t<div class=\"elementor-widget-container\">\n\t\t\t\t\t\t\t<div class=\"elementor-spacer\">\n\t\t\t<div class=\"elementor-spacer-inner\"><\/div>\n\t\t<\/div>\n\t\t\t\t\t\t<\/div>\n\t\t\t\t<\/div>\n\t\t\t\t\t<\/div>\n\t\t\t\t<\/div>\n\t\t<div class=\"elementor-element elementor-element-02d0358 e-con-full e-flex e-con e-parent\" data-id=\"02d0358\" data-element_type=\"container\" data-e-type=\"container\" data-settings=\"{&quot;background_background&quot;:&quot;classic&quot;}\">\n\t\t<div class=\"elementor-element elementor-element-35f0ac0 e-con-full animated-slow e-flex elementor-invisible e-con e-child\" data-id=\"35f0ac0\" data-element_type=\"container\" data-e-type=\"container\" data-settings=\"{&quot;animation&quot;:&quot;fadeInLeft&quot;}\">\n\t\t\t\t<div class=\"elementor-element elementor-element-d40695c elementor-widget elementor-widget-text-editor\" data-id=\"d40695c\" data-element_type=\"widget\" data-e-type=\"widget\" data-widget_type=\"text-editor.default\">\n\t\t\t\t<div class=\"elementor-widget-container\">\n\t\t\t\t\t\t\t\t\tZajmujemy si\u0119 nie tylko dostarczaniem produkt\u00f3w i us\u0142ug \u2013 wspieramy r\u00f3wnie\u017c dzielenie si\u0119 wiedz\u0105 i rozw\u00f3j zawodowy. Nasze zasoby edukacyjne i centrum wiedzy w Europie to bezcenne \u017ar\u00f3d\u0142a aktualnych informacji dotycz\u0105cych najnowszych technologii, najlepszych praktyk i nowych trend\u00f3w rozwoju technologii RM i TK. Do\u0142\u0105cz do naszej spo\u0142eczno\u015bci, poszerz swoj\u0105 wiedz\u0119 i rozwijaj swoj\u0105 karier\u0119 jako technik lub pracownik personelu medycznego.\nWybieraj\u0105c <span style=\"color: #672e6c;\"><strong class=\"medplan\">MEDPLAN<\/strong><\/span>, otrzymujesz co\u015b wi\u0119cej ni\u017c tylko dostawc\u0119 \u2013 zyskujesz rzetelnego partnera, kt\u00f3ry pomo\u017ce Ci osi\u0105gn\u0105\u0107 sukces. Dzi\u0119ki naszemu szerokiemu do\u015bwiadczeniu, ogromnemu zaanga\u017cowaniu w utrzymanie wysokiej jako\u015bci i nieustannemu wsparciu chcemy, by nasze dzia\u0142ania na ka\u017cdym kroku przewy\u017csza\u0142y oczekiwania klient\u00f3w.\t\t\t\t\t\t\t\t<\/div>\n\t\t\t\t<\/div>\n\t\t\t\t<\/div>\n\t\t\t\t<\/div>\n\t\t<div class=\"elementor-element elementor-element-a74ee82 e-con-full e-flex e-con e-parent\" data-id=\"a74ee82\" data-element_type=\"container\" data-e-type=\"container\">\n\t\t\t\t<div class=\"elementor-element elementor-element-0ab517e elementor-widget elementor-widget-image\" data-id=\"0ab517e\" data-element_type=\"widget\" data-e-type=\"widget\" data-widget_type=\"image.default\">\n\t\t\t\t<div class=\"elementor-widget-container\">\n\t\t\t\t\t\t\t\t\t\t\t\t<figure class=\"wp-caption\">\n\t\t\t\t\t\t\t\t\t\t<img decoding=\"async\" width=\"1024\" height=\"768\" src=\"https:\/\/medplan-imaging.com\/wp-content\/uploads\/2023\/12\/rsna_2023-1024x768.jpeg\" class=\"attachment-large size-large wp-image-9156\" alt=\"\" srcset=\"https:\/\/medplan-imaging.com\/wp-content\/uploads\/2023\/12\/rsna_2023-1024x768.jpeg 1024w, https:\/\/medplan-imaging.com\/wp-content\/uploads\/2023\/12\/rsna_2023-300x225.jpeg 300w, https:\/\/medplan-imaging.com\/wp-content\/uploads\/2023\/12\/rsna_2023-768x576.jpeg 768w, https:\/\/medplan-imaging.com\/wp-content\/uploads\/2023\/12\/rsna_2023-600x450.jpeg 600w, https:\/\/medplan-imaging.com\/wp-content\/uploads\/2023\/12\/rsna_2023.jpeg 1080w\" sizes=\"(max-width: 1024px) 100vw, 1024px\" \/>\t\t\t\t\t\t\t\t\t\t\t<figcaption class=\"widget-image-caption wp-caption-text\"><\/figcaption>\n\t\t\t\t\t\t\t\t\t\t<\/figure>\n\t\t\t\t\t\t\t\t\t<\/div>\n\t\t\t\t<\/div>\n\t\t\t\t<\/div>\n\t\t<div class=\"elementor-element elementor-element-10f0bc6 e-flex e-con-boxed e-con e-parent\" data-id=\"10f0bc6\" data-element_type=\"container\" data-e-type=\"container\">\n\t\t\t\t\t<div class=\"e-con-inner\">\n\t\t\t\t<div class=\"elementor-element elementor-element-7ea7528 elementor-widget elementor-widget-spacer\" data-id=\"7ea7528\" data-element_type=\"widget\" data-e-type=\"widget\" data-widget_type=\"spacer.default\">\n\t\t\t\t<div class=\"elementor-widget-container\">\n\t\t\t\t\t\t\t<div class=\"elementor-spacer\">\n\t\t\t<div class=\"elementor-spacer-inner\"><\/div>\n\t\t<\/div>\n\t\t\t\t\t\t<\/div>\n\t\t\t\t<\/div>\n\t\t\t\t\t<\/div>\n\t\t\t\t<\/div>\n\t\t<div class=\"elementor-element elementor-element-3690690 e-con-full e-flex e-con e-parent\" data-id=\"3690690\" data-element_type=\"container\" data-e-type=\"container\" data-settings=\"{&quot;background_background&quot;:&quot;classic&quot;}\">\n\t\t<div class=\"elementor-element elementor-element-7a25f24 e-con-full e-flex e-con e-child\" data-id=\"7a25f24\" data-element_type=\"container\" data-e-type=\"container\">\n\t\t\t\t<div class=\"elementor-element elementor-element-6870c64 animated-slow elementor-invisible elementor-widget elementor-widget-heading\" data-id=\"6870c64\" data-element_type=\"widget\" data-e-type=\"widget\" data-settings=\"{&quot;_animation&quot;:&quot;fadeInUp&quot;}\" data-widget_type=\"heading.default\">\n\t\t\t\t<div class=\"elementor-widget-container\">\n\t\t\t\t\t<h2 class=\"elementor-heading-title elementor-size-default\">Zarz\u0105d<\/h2>\t\t\t\t<\/div>\n\t\t\t\t<\/div>\n\t\t\t\t<div class=\"elementor-element elementor-element-355256f animated-slow elementor-invisible elementor-widget elementor-widget-text-editor\" data-id=\"355256f\" data-element_type=\"widget\" data-e-type=\"widget\" data-settings=\"{&quot;_animation&quot;:&quot;fadeInUp&quot;,&quot;_animation_delay&quot;:500}\" data-widget_type=\"text-editor.default\">\n\t\t\t\t<div class=\"elementor-widget-container\">\n\t\t\t\t\t\t\t\t\tFirma <span style=\"color: #672e6c;\"><strong class=\"medplan\">MEDPLAN<\/strong><\/span> zosta\u0142a za\u0142o\u017cona przez Patrika Di Saverio, eksperta z ponad 20-letnim do\u015bwiadczeniem w sektorze opieki zdrowotnej w zakresie diagnostyki obrazowej. Dzi\u0119ki wsp\u00f3\u0142pracy z najwa\u017cniejszymi producentami w bran\u017cy medycyny obrazowej i wiod\u0105cymi firmami w sektorze us\u0142ug biomedycznych, Patrik wnosi do <span style=\"color: #672e6c;\"><strong class=\"medplan\">MEDPLAN<\/strong><\/span> swoj\u0105 wiedz\u0119 i do\u015bwiadczenie.\t\t\t\t\t\t\t\t<\/div>\n\t\t\t\t<\/div>\n\t\t\t\t<\/div>\n\t\t<div class=\"elementor-element elementor-element-fb4e353 e-con-full e-flex e-con e-child\" data-id=\"fb4e353\" data-element_type=\"container\" data-e-type=\"container\">\n\t\t\t\t<div class=\"elementor-element elementor-element-29d6926 animated-slow elementor-invisible elementor-widget elementor-widget-heading\" data-id=\"29d6926\" data-element_type=\"widget\" data-e-type=\"widget\" data-settings=\"{&quot;_animation&quot;:&quot;fadeInUp&quot;,&quot;_animation_delay&quot;:1000}\" data-widget_type=\"heading.default\">\n\t\t\t\t<div class=\"elementor-widget-container\">\n\t\t\t\t\t<h2 class=\"elementor-heading-title elementor-size-default\">Historia<\/h2>\t\t\t\t<\/div>\n\t\t\t\t<\/div>\n\t\t\t\t<div class=\"elementor-element elementor-element-0c5475b animated-slow elementor-invisible elementor-widget elementor-widget-text-editor\" data-id=\"0c5475b\" data-element_type=\"widget\" data-e-type=\"widget\" data-settings=\"{&quot;_animation&quot;:&quot;fadeInUp&quot;,&quot;_animation_delay&quot;:1000}\" data-widget_type=\"text-editor.default\">\n\t\t\t\t<div class=\"elementor-widget-container\">\n\t\t\t\t\t\t\t\t\tPasja do dzielenia si\u0119 wiedz\u0105 i przekraczania kolejnych barier w edukacji pomog\u0142a Patrikowi zauwa\u017cy\u0107 zapotrzebowanie na stworzenie Akademii Us\u0142ug w Diagnostyce Obrazowej, kt\u00f3rej zakres wykracza\u0142by poza bariery geograficzne i z kt\u00f3rej mogliby korzysta\u0107 specjali\u015bci ze wszystkich kraj\u00f3w i firm. <span style=\"color: #672e6c;\"><strong class=\"medplan\">MEDPLAN<\/strong><\/span> powsta\u0142 dzi\u0119ki tej wizji i tworzy \u015brodowisko edukacyjne, w kt\u00f3rym osoby o r\u00f3\u017cnych poziomach do\u015bwiadczenia mog\u0105 skorzysta\u0107 z kompleksowych szkole\u0144, umo\u017cliwiaj\u0105cych im rozw\u00f3j zawodowy w dziedzinie diagnostyki obrazowej.\n\nDzi\u0119ki <span style=\"color: #672e6c;\"><strong class=\"medplan\">MEDPLAN<\/strong><\/span> personel medyczny na ca\u0142ym \u015bwiecie ma dost\u0119p do wyj\u0105tkowej platformy, kt\u00f3ra s\u0142u\u017cy jako kompas prowadz\u0105cy ich w kierunku opieki nad pacjentem na najwy\u017cszym poziomie. Do\u0142\u0105cz do naszego \u015bwiata pe\u0142nego innowacji, wsp\u00f3\u0142pracy i wsp\u00f3lnego zaanga\u017cowania oraz ch\u0119ci zrewolucjonizowania us\u0142ug zwi\u0105zanych z diagnostyk\u0105 obrazow\u0105.\n\nTak tworzy si\u0119 przysz\u0142o\u015b\u0107 opieki zdrowotnej \u2013 jeden obraz, jedna diagnoza i jeden pacjent \u2013 kt\u00f3r\u0105 chcemy si\u0119 z Tob\u0105 podzieli\u0107.\t\t\t\t\t\t\t\t<\/div>\n\t\t\t\t<\/div>\n\t\t\t\t<\/div>\n\t\t\t\t<\/div>\n\t\t\t\t<\/div>\n\t\t","protected":false},"excerpt":{"rendered":"<p>Above &amp; Beyond Imaging O MEDPLAN Oferujemy dost\u0119p do niezr\u00f3wnanych innowacji, kompleksowych rozwi\u0105za\u0144, nowoczesnej edukacji w dziedzinie diagnostyki obrazowej. Razem mo\u017cemy zrewolucjonizowa\u0107 system opieki zdrowotnej i zmieni\u0107 przysz\u0142o\u015b\u0107 diagnostyki obrazowej. NASZA MISJA Nasz\u0105 misj\u0105 jest dostarczanie kompleksowych rozwi\u0105za\u0144 spe\u0142niaj\u0105cych wszystkie potrzeby klient\u00f3w w zakresie diagnostyki obrazowej, zapewnienie personelowi medycznemu najnowocze\u015bniejszej technologii i wsparcia, kt\u00f3re nie&#8230;<\/p>\n","protected":false},"author":1,"featured_media":0,"parent":0,"menu_order":0,"comment_status":"closed","ping_status":"closed","template":"elementor_header_footer","meta":{"_kadence_starter_templates_imported_post":false,"_swpsp_post_exclude":false,"_kad_post_transparent":"","_kad_post_title":"","_kad_post_layout":"","_kad_post_sidebar_id":"","_kad_post_content_style":"","_kad_post_vertical_padding":"","_kad_post_feature":"","_kad_post_feature_position":"","_kad_post_header":false,"_kad_post_footer":false,"_kad_post_classname":"","footnotes":""},"class_list":["post-11414","page","type-page","status-publish","hentry"],"_links":{"self":[{"href":"https:\/\/medplan-imaging.com\/pl\/wp-json\/wp\/v2\/pages\/11414","targetHints":{"allow":["GET"]}}],"collection":[{"href":"https:\/\/medplan-imaging.com\/pl\/wp-json\/wp\/v2\/pages"}],"about":[{"href":"https:\/\/medplan-imaging.com\/pl\/wp-json\/wp\/v2\/types\/page"}],"author":[{"embeddable":true,"href":"https:\/\/medplan-imaging.com\/pl\/wp-json\/wp\/v2\/users\/1"}],"replies":[{"embeddable":true,"href":"https:\/\/medplan-imaging.com\/pl\/wp-json\/wp\/v2\/comments?post=11414"}],"version-history":[{"count":0,"href":"https:\/\/medplan-imaging.com\/pl\/wp-json\/wp\/v2\/pages\/11414\/revisions"}],"wp:attachment":[{"href":"https:\/\/medplan-imaging.com\/pl\/wp-json\/wp\/v2\/media?parent=11414"}],"curies":[{"name":"wp","href":"https:\/\/api.w.org\/{rel}","templated":true}]}}