{"id":11427,"date":"2023-11-23T13:33:50","date_gmt":"2023-11-23T11:33:50","guid":{"rendered":"https:\/\/medplan-imaging.com\/zasady-poufnosci\/"},"modified":"2024-05-02T15:20:08","modified_gmt":"2024-05-02T13:20:08","slug":"zasady-poufnosci","status":"publish","type":"page","link":"https:\/\/medplan-imaging.com\/pl\/zasady-poufnosci\/","title":{"rendered":"Zasady poufno\u015bci"},"content":{"rendered":"\t\t<div data-elementor-type=\"wp-page\" data-elementor-id=\"11427\" class=\"elementor elementor-11427\" data-elementor-post-type=\"page\">\n\t\t\t\t<div class=\"elementor-element elementor-element-d0a8ae2 e-con-full e-transform e-flex e-con e-parent\" data-id=\"d0a8ae2\" data-element_type=\"container\" data-e-type=\"container\" data-settings=\"{&quot;background_background&quot;:&quot;classic&quot;,&quot;_transform_rotateZ_effect&quot;:{&quot;unit&quot;:&quot;px&quot;,&quot;size&quot;:-360,&quot;sizes&quot;:[]},&quot;_transform_rotateZ_effect_tablet&quot;:{&quot;unit&quot;:&quot;deg&quot;,&quot;size&quot;:&quot;&quot;,&quot;sizes&quot;:[]},&quot;_transform_rotateZ_effect_mobile&quot;:{&quot;unit&quot;:&quot;deg&quot;,&quot;size&quot;:&quot;&quot;,&quot;sizes&quot;:[]}}\">\n\t\t<div class=\"elementor-element elementor-element-a047566 e-flex e-con-boxed e-con e-child\" data-id=\"a047566\" data-element_type=\"container\" data-e-type=\"container\">\n\t\t\t\t\t<div class=\"e-con-inner\">\n\t\t\t\t<div class=\"elementor-element elementor-element-78684fe animated-slow elementor-invisible elementor-widget elementor-widget-heading\" data-id=\"78684fe\" data-element_type=\"widget\" data-e-type=\"widget\" data-settings=\"{&quot;_animation&quot;:&quot;fadeInUp&quot;,&quot;_animation_delay&quot;:300}\" data-widget_type=\"heading.default\">\n\t\t\t\t<div class=\"elementor-widget-container\">\n\t\t\t\t\t<h1 class=\"elementor-heading-title elementor-size-small\">Zasady poufno\u015bci<\/h1>\t\t\t\t<\/div>\n\t\t\t\t<\/div>\n\t\t\t\t\t<\/div>\n\t\t\t\t<\/div>\n\t\t\t\t<\/div>\n\t\t<div class=\"elementor-element elementor-element-b715281 e-flex e-con-boxed e-con e-parent\" data-id=\"b715281\" data-element_type=\"container\" data-e-type=\"container\">\n\t\t\t\t\t<div class=\"e-con-inner\">\n\t\t\t\t<div class=\"elementor-element elementor-element-ee4efb5 elementor-widget elementor-widget-spacer\" data-id=\"ee4efb5\" data-element_type=\"widget\" data-e-type=\"widget\" data-widget_type=\"spacer.default\">\n\t\t\t\t<div class=\"elementor-widget-container\">\n\t\t\t\t\t\t\t<div class=\"elementor-spacer\">\n\t\t\t<div class=\"elementor-spacer-inner\"><\/div>\n\t\t<\/div>\n\t\t\t\t\t\t<\/div>\n\t\t\t\t<\/div>\n\t\t\t\t\t<\/div>\n\t\t\t\t<\/div>\n\t\t<div class=\"elementor-element elementor-element-26b8ca9 e-flex e-con-boxed e-con e-parent\" data-id=\"26b8ca9\" data-element_type=\"container\" data-e-type=\"container\" data-settings=\"{&quot;background_background&quot;:&quot;classic&quot;}\">\n\t\t\t\t\t<div class=\"e-con-inner\">\n\t\t<div class=\"elementor-element elementor-element-68bf52e e-flex e-con-boxed e-con e-child\" data-id=\"68bf52e\" data-element_type=\"container\" data-e-type=\"container\">\n\t\t\t\t\t<div class=\"e-con-inner\">\n\t\t\t\t<div class=\"elementor-element elementor-element-ae22018 animated-slow elementor-invisible elementor-widget elementor-widget-text-editor\" data-id=\"ae22018\" data-element_type=\"widget\" data-e-type=\"widget\" data-settings=\"{&quot;_animation&quot;:&quot;fadeInUp&quot;,&quot;_animation_delay&quot;:500}\" data-widget_type=\"text-editor.default\">\n\t\t\t\t<div class=\"elementor-widget-container\">\n\t\t\t\t\t\t\t\t\tKlienci wysoko ceni\u0105 ekspert\u00f3w <span style=\"color: #672e6c;\"><strong class=\"medplan\">MEDPLAN<\/strong><\/span> za ich specjalistyczn\u0105 wiedz\u0119 i do\u015bwiadczenie oraz \u015bwiadomo\u015b\u0107, \u017ce dzielenie si\u0119 informacjami podlega pewnym ograniczeniom. Po\u015bwi\u0119cili\u015bmy sporo czasu i energii na opracowanie zasad poufno\u015bci dotycz\u0105cych zar\u00f3wno technologii, jak i zakresu dzia\u0142ania. Zasady te, wraz z naszymi standardami poufno\u015bci, pomagaj\u0105 ekspertom wyja\u015bni\u0107 nie\u015bcis\u0142o\u015bci i post\u0119powa\u0107 zgodnie z wewn\u0119trznymi standardami naszych klient\u00f3w, co wyr\u00f3\u017cnia nas na tle konkurencji.\n\nNasi eksperci musz\u0105 co roku akceptowa\u0107 warunki dotycz\u0105ce konsultacji z <span style=\"color: #672e6c;\"><strong class=\"medplan\">MEDPLAN<\/strong><\/span>. Musz\u0105 potwierdzi\u0107, \u017ce spe\u0142niaj\u0105 wymagania, odm\u00f3wi\u0107 realizacji projekt\u00f3w, kt\u00f3re s\u0105 sprzeczne z zawartymi przez nich umowami, lub zrezygnowa\u0107 ze zobowi\u0105za\u0144 wzgl\u0119dem stron trzecich, powstrzyma\u0107 si\u0119 od przekazywania poufnych informacji, zachowa\u0107 poufno\u015b\u0107 danych klient\u00f3w, zako\u0144czy\u0107 projekty, je\u015bli s\u0105 zwi\u0105zane z niedozwolonymi dzia\u0142aniami (je\u015bli wi\u0105\u017c\u0105 si\u0119 z wyp\u0142at\u0105 wynagrodzenia za zarezerwowany czas).\n\nEksperci musz\u0105 uko\u0144czy\u0107 coroczne interaktywne szkolenie przeznaczone dla konkretnej bran\u017cy w jednym z dwudziestu dost\u0119pnych j\u0119zyk\u00f3w. Szkolenie dotyczy \u201einformacji poufnych\u201d i przypomina uczestnikom o ryzyku zwi\u0105zanym z ujawnieniem takich informacji, kt\u00f3re mo\u017ce skutkowa\u0107 uniewa\u017cnieniem zaawansowanych bada\u0144 naszych klient\u00f3w lub zawieszeniem ich stanowiska.\t\t\t\t\t\t\t\t<\/div>\n\t\t\t\t<\/div>\n\t\t\t\t\t<\/div>\n\t\t\t\t<\/div>\n\t\t<div class=\"elementor-element elementor-element-e28364a e-flex e-con-boxed e-con e-child\" data-id=\"e28364a\" data-element_type=\"container\" data-e-type=\"container\">\n\t\t\t\t\t<div class=\"e-con-inner\">\n\t\t\t\t<div class=\"elementor-element elementor-element-a99ff31 animated-slow elementor-invisible elementor-widget elementor-widget-text-editor\" data-id=\"a99ff31\" data-element_type=\"widget\" data-e-type=\"widget\" data-settings=\"{&quot;_animation&quot;:&quot;fadeInUp&quot;,&quot;_animation_delay&quot;:500}\" data-widget_type=\"text-editor.default\">\n\t\t\t\t<div class=\"elementor-widget-container\">\n\t\t\t\t\t\t\t\t\tAktywnie identyfikujemy i wyja\u015bniamy nie\u015bcis\u0142o\u015bci zwi\u0105zane z ekspertami, wycofuj\u0105c ich z nieodpowiednich projekt\u00f3w. Nasz profesjonalny zesp\u00f3\u0142 pomaga ekspertom wyja\u015bni\u0107 ewentualne nie\u015bcis\u0142o\u015bci i okre\u015bla oczekiwania dotycz\u0105ce uczestnictwa w projektach <span style=\"color: #672e6c;\"><strong class=\"medplan\">MEDPLAN<\/strong><\/span> oraz pilnuje, by eksperci zako\u0144czyli wszelkie projekty, kt\u00f3re nie spe\u0142niaj\u0105 wymog\u00f3w poufno\u015bci, oferuj\u0105c wynagrodzenie za ich czas.\n\nMechanizmy poufno\u015bci <span style=\"color: #672e6c;\"><strong class=\"medplan\">MEDPLAN<\/strong><\/span> gwarantuj\u0105 naszym klientom bezpiecze\u0144stwo poprzez minimalizacj\u0119 ryzyka przypadkowego otrzymania informacji poufnych od naszych ekspert\u00f3w lub pro\u015bby o uzyskanie takich informacji oraz kontrol\u0119 danych przekazywanych ekspertom.\n\nW przypadku pracodawc\u00f3w ramy poufno\u015bci <span style=\"color: #672e6c;\"><strong class=\"medplan\">MEDPLAN<\/strong><\/span> uwzgl\u0119dniaj\u0105 ograniczenia, jakie pracodawcy mog\u0105 na\u0142o\u017cy\u0107 na swoich pracownik\u00f3w w roli ekspert\u00f3w. Dotyczy to r\u00f3wnie\u017c zakazu udzia\u0142u w projektach, w kt\u00f3re zaanga\u017cowany jest ich pracodawca. Co wi\u0119cej, zatrudnieni eksperci (z wyj\u0105tkiem tych, kt\u00f3rych te zasady nie dotycz\u0105 ze wzgl\u0119du na ich status) musz\u0105 uzyska\u0107 pisemn\u0105 zgod\u0119 pracodawcy na udzia\u0142 w projektach pisemnych, kompleksowych i bie\u017c\u0105cych.\t\t\t\t\t\t\t\t<\/div>\n\t\t\t\t<\/div>\n\t\t\t\t\t<\/div>\n\t\t\t\t<\/div>\n\t\t\t\t\t<\/div>\n\t\t\t\t<\/div>\n\t\t\t\t<\/div>\n\t\t","protected":false},"excerpt":{"rendered":"<p>Zasady poufno\u015bci Klienci wysoko ceni\u0105 ekspert\u00f3w MEDPLAN za ich specjalistyczn\u0105 wiedz\u0119 i do\u015bwiadczenie oraz \u015bwiadomo\u015b\u0107, \u017ce dzielenie si\u0119 informacjami podlega pewnym ograniczeniom. Po\u015bwi\u0119cili\u015bmy sporo czasu i energii na opracowanie zasad poufno\u015bci dotycz\u0105cych zar\u00f3wno technologii, jak i zakresu dzia\u0142ania. Zasady te, wraz z naszymi standardami poufno\u015bci, pomagaj\u0105 ekspertom wyja\u015bni\u0107 nie\u015bcis\u0142o\u015bci i post\u0119powa\u0107 zgodnie z wewn\u0119trznymi standardami&#8230;<\/p>\n","protected":false},"author":2,"featured_media":0,"parent":0,"menu_order":0,"comment_status":"closed","ping_status":"closed","template":"elementor_header_footer","meta":{"_kadence_starter_templates_imported_post":false,"_swpsp_post_exclude":false,"_kad_post_transparent":"","_kad_post_title":"","_kad_post_layout":"","_kad_post_sidebar_id":"","_kad_post_content_style":"","_kad_post_vertical_padding":"","_kad_post_feature":"","_kad_post_feature_position":"","_kad_post_header":false,"_kad_post_footer":false,"_kad_post_classname":"","footnotes":""},"class_list":["post-11427","page","type-page","status-publish","hentry"],"_links":{"self":[{"href":"https:\/\/medplan-imaging.com\/pl\/wp-json\/wp\/v2\/pages\/11427","targetHints":{"allow":["GET"]}}],"collection":[{"href":"https:\/\/medplan-imaging.com\/pl\/wp-json\/wp\/v2\/pages"}],"about":[{"href":"https:\/\/medplan-imaging.com\/pl\/wp-json\/wp\/v2\/types\/page"}],"author":[{"embeddable":true,"href":"https:\/\/medplan-imaging.com\/pl\/wp-json\/wp\/v2\/users\/2"}],"replies":[{"embeddable":true,"href":"https:\/\/medplan-imaging.com\/pl\/wp-json\/wp\/v2\/comments?post=11427"}],"version-history":[{"count":0,"href":"https:\/\/medplan-imaging.com\/pl\/wp-json\/wp\/v2\/pages\/11427\/revisions"}],"wp:attachment":[{"href":"https:\/\/medplan-imaging.com\/pl\/wp-json\/wp\/v2\/media?parent=11427"}],"curies":[{"name":"wp","href":"https:\/\/api.w.org\/{rel}","templated":true}]}}