{"id":11431,"date":"2023-11-23T14:00:04","date_gmt":"2023-11-23T12:00:04","guid":{"rendered":"https:\/\/medplan-imaging.com\/nasze-uslugi\/"},"modified":"2024-04-04T15:52:00","modified_gmt":"2024-04-04T13:52:00","slug":"nasze-uslugi","status":"publish","type":"page","link":"https:\/\/medplan-imaging.com\/pl\/nasze-uslugi\/","title":{"rendered":"Nasze us\u0142ugi"},"content":{"rendered":"\t\t<div data-elementor-type=\"wp-page\" data-elementor-id=\"11431\" class=\"elementor elementor-11431\" data-elementor-post-type=\"page\">\n\t\t\t\t<div class=\"elementor-element elementor-element-e9b43da e-con-full e-flex e-con e-parent\" data-id=\"e9b43da\" data-element_type=\"container\" data-e-type=\"container\" data-settings=\"{&quot;background_background&quot;:&quot;slideshow&quot;,&quot;position&quot;:&quot;absolute&quot;,&quot;background_slideshow_gallery&quot;:[{&quot;id&quot;:7311,&quot;url&quot;:&quot;https:\\\/\\\/medplan-imaging.com\\\/wp-content\\\/uploads\\\/2023\\\/11\\\/cars-driving-street-aerial-view-scaled.jpg&quot;},{&quot;id&quot;:7331,&quot;url&quot;:&quot;https:\\\/\\\/medplan-imaging.com\\\/wp-content\\\/uploads\\\/2023\\\/11\\\/IMG_3518-scaled.jpg&quot;},{&quot;id&quot;:7345,&quot;url&quot;:&quot;https:\\\/\\\/medplan-imaging.com\\\/wp-content\\\/uploads\\\/2023\\\/11\\\/DSC_0019-1-scaled.jpg&quot;},{&quot;id&quot;:7242,&quot;url&quot;:&quot;https:\\\/\\\/medplan-imaging.com\\\/wp-content\\\/uploads\\\/2023\\\/11\\\/hands-close-up-co-workers-writing-scaled.jpg&quot;},{&quot;id&quot;:7002,&quot;url&quot;:&quot;https:\\\/\\\/medplan-imaging.com\\\/wp-content\\\/uploads\\\/2023\\\/11\\\/parts-scaled.jpg&quot;},{&quot;id&quot;:6717,&quot;url&quot;:&quot;https:\\\/\\\/medplan-imaging.com\\\/wp-content\\\/uploads\\\/2023\\\/11\\\/shutterstock_2202118019-academy-scaled.jpg&quot;}],&quot;background_slideshow_loop&quot;:&quot;yes&quot;,&quot;background_slideshow_slide_duration&quot;:5000,&quot;background_slideshow_slide_transition&quot;:&quot;fade&quot;,&quot;background_slideshow_transition_duration&quot;:500}\">\n\t\t\t\t<\/div>\n\t\t<div class=\"elementor-element elementor-element-9e40115 e-flex e-con-boxed e-con e-parent\" data-id=\"9e40115\" data-element_type=\"container\" data-e-type=\"container\">\n\t\t\t\t\t<div class=\"e-con-inner\">\n\t\t\t\t<div class=\"elementor-element elementor-element-4a343ff elementor-widget elementor-widget-spacer\" data-id=\"4a343ff\" data-element_type=\"widget\" data-e-type=\"widget\" data-widget_type=\"spacer.default\">\n\t\t\t\t<div class=\"elementor-widget-container\">\n\t\t\t\t\t\t\t<div class=\"elementor-spacer\">\n\t\t\t<div class=\"elementor-spacer-inner\"><\/div>\n\t\t<\/div>\n\t\t\t\t\t\t<\/div>\n\t\t\t\t<\/div>\n\t\t\t\t\t<\/div>\n\t\t\t\t<\/div>\n\t\t<div class=\"elementor-element elementor-element-5407d83 e-flex e-con-boxed e-con e-parent\" data-id=\"5407d83\" data-element_type=\"container\" data-e-type=\"container\">\n\t\t\t\t\t<div class=\"e-con-inner\">\n\t\t<div class=\"elementor-element elementor-element-84bfa9b e-con-full e-flex elementor-invisible e-con e-child\" data-id=\"84bfa9b\" data-element_type=\"container\" data-e-type=\"container\" data-settings=\"{&quot;animation&quot;:&quot;fadeInUp&quot;}\">\n\t\t\t\t<div class=\"elementor-element elementor-element-bea5166 e-transform eael-infobox-content-align--center eael-infobox-shape-square eael-infobox-hover-img-shape-square elementor-widget elementor-widget-eael-info-box\" data-id=\"bea5166\" data-element_type=\"widget\" data-e-type=\"widget\" data-settings=\"{&quot;_transform_scale_effect_hover&quot;:{&quot;unit&quot;:&quot;px&quot;,&quot;size&quot;:1.1,&quot;sizes&quot;:[]},&quot;_transform_scale_effect_hover_tablet&quot;:{&quot;unit&quot;:&quot;px&quot;,&quot;size&quot;:&quot;&quot;,&quot;sizes&quot;:[]},&quot;_transform_scale_effect_hover_mobile&quot;:{&quot;unit&quot;:&quot;px&quot;,&quot;size&quot;:&quot;&quot;,&quot;sizes&quot;:[]}}\" data-widget_type=\"eael-info-box.default\">\n\t\t\t\t<div class=\"elementor-widget-container\">\n\t\t\t\t\t            <a href=\"https:\/\/medplan-imaging.com\/pl\/sprzet\/\">\n\t            <div class=\"eael-infobox icon-on-top\">\n\t            <div class=\"infobox-icon\">\n\n                            <img decoding=\"async\" src=\"https:\/\/medplan-imaging.com\/wp-content\/uploads\/2023\/11\/CT_W.png\" alt=\"\">\n            \n            \n            \n        <\/div>\n            <div class=\"infobox-content\">\n                    <div class=\"infobox-title-section\">\n                <h1 class=\"title\">Sprz\u0119t<\/h1>            <\/div>\n            <div><p style=\"text-align: center;line-height: 150%;margin-top: 35px\"><span style=\"font-size: 20px;font-family: barlow, palatino;color: #ffffff\">Sprawd\u017a dost\u0119pne systemy<\/span><\/p><\/div>        <\/div>\n            <\/div>\n\n\t\t            <\/a>\n\t\t\t\t\t\t<\/div>\n\t\t\t\t<\/div>\n\t\t\t\t<div class=\"elementor-element elementor-element-c07f5bf e-transform eael-infobox-content-align--center eael-infobox-shape-square eael-infobox-hover-img-shape-square elementor-widget elementor-widget-eael-info-box\" data-id=\"c07f5bf\" data-element_type=\"widget\" data-e-type=\"widget\" data-settings=\"{&quot;_transform_scale_effect_hover&quot;:{&quot;unit&quot;:&quot;px&quot;,&quot;size&quot;:1.1,&quot;sizes&quot;:[]},&quot;_transform_scale_effect_hover_tablet&quot;:{&quot;unit&quot;:&quot;px&quot;,&quot;size&quot;:&quot;&quot;,&quot;sizes&quot;:[]},&quot;_transform_scale_effect_hover_mobile&quot;:{&quot;unit&quot;:&quot;px&quot;,&quot;size&quot;:&quot;&quot;,&quot;sizes&quot;:[]}}\" data-widget_type=\"eael-info-box.default\">\n\t\t\t\t<div class=\"elementor-widget-container\">\n\t\t\t\t\t            <a href=\"https:\/\/medplan-imaging.com\/pl\/akademia\/\">\n\t            <div class=\"eael-infobox icon-on-top\">\n\t            <div class=\"infobox-icon\">\n\n                            <img decoding=\"async\" src=\"https:\/\/medplan-imaging.com\/wp-content\/uploads\/2023\/11\/LOGISTIC_W.png\" alt=\"\">\n            \n            \n            \n        <\/div>\n            <div class=\"infobox-content\">\n                    <div class=\"infobox-title-section\">\n                <h2 class=\"title\">Rozwi\u0105zania<br>mobilne<\/h2>            <\/div>\n            <div><p style=\"text-align: center;line-height: 40%;margin-top: -4px\"><span style=\"font-size: 20px;font-family: 'barlow', palatino;color: #ffffff\">Wynajem przyczep<\/span><br>\n<span style=\"font-size: 20px;font-family: 'barlow', palatino;color: #ffffff\">z systemami<\/span><br>\n<span style=\"font-size: 20px;font-family: 'barlow', palatino;color: #ffffff\">dostosowanymi<\/span><br>\n<span style=\"font-size: 20px;font-family: 'barlow', palatino;color: #ffffff\">do Twoich potrzeb<\/span><\/p><\/div>        <\/div>\n            <\/div>\n\n\t\t            <\/a>\n\t\t\t\t\t\t<\/div>\n\t\t\t\t<\/div>\n\t\t\t\t<div class=\"elementor-element elementor-element-5e2a6c4 e-transform eael-infobox-content-align--center eael-infobox-shape-square eael-infobox-hover-img-shape-square elementor-widget elementor-widget-eael-info-box\" data-id=\"5e2a6c4\" data-element_type=\"widget\" data-e-type=\"widget\" data-settings=\"{&quot;_transform_scale_effect_hover&quot;:{&quot;unit&quot;:&quot;px&quot;,&quot;size&quot;:1.1,&quot;sizes&quot;:[]},&quot;_transform_scale_effect_hover_tablet&quot;:{&quot;unit&quot;:&quot;px&quot;,&quot;size&quot;:&quot;&quot;,&quot;sizes&quot;:[]},&quot;_transform_scale_effect_hover_mobile&quot;:{&quot;unit&quot;:&quot;px&quot;,&quot;size&quot;:&quot;&quot;,&quot;sizes&quot;:[]}}\" data-widget_type=\"eael-info-box.default\">\n\t\t\t\t<div class=\"elementor-widget-container\">\n\t\t\t\t\t            <a href=\"https:\/\/medplan-imaging.com\/index.php\/academy-2\/\">\n\t            <div class=\"eael-infobox icon-on-top\">\n\t            <div class=\"infobox-icon\">\n\n                            <img decoding=\"async\" src=\"https:\/\/medplan-imaging.com\/wp-content\/uploads\/2023\/11\/Academy_W.png\" alt=\"\">\n            \n            \n            \n        <\/div>\n            <div class=\"infobox-content\">\n                    <div class=\"infobox-title-section\">\n                <h1 class=\"title\">Akademia<\/h1>            <\/div>\n            <div><p style=\"text-align: center;line-height: 50%;margin-top: 30px\"><span style=\"font-size: 20px;font-family: barlow, palatino;color: #ffffff\">Kursy i szkolenia<\/span><br>\n<span style=\"font-size: 20px;font-family: barlow, palatino;color: #ffffff\">praktyczne stacjonarne<\/span><br>\n<span style=\"font-size: 20px;font-family: barlow, palatino;color: #ffffff\">lub online<\/span><\/p><\/div>        <\/div>\n            <\/div>\n\n\t\t            <\/a>\n\t\t\t\t\t\t<\/div>\n\t\t\t\t<\/div>\n\t\t\t\t<div class=\"elementor-element elementor-element-dc68f08 e-transform eael-infobox-content-align--center eael-infobox-shape-square eael-infobox-hover-img-shape-square elementor-widget elementor-widget-eael-info-box\" data-id=\"dc68f08\" data-element_type=\"widget\" data-e-type=\"widget\" data-settings=\"{&quot;_transform_scale_effect_hover&quot;:{&quot;unit&quot;:&quot;px&quot;,&quot;size&quot;:1.1,&quot;sizes&quot;:[]},&quot;_transform_scale_effect_hover_tablet&quot;:{&quot;unit&quot;:&quot;px&quot;,&quot;size&quot;:&quot;&quot;,&quot;sizes&quot;:[]},&quot;_transform_scale_effect_hover_mobile&quot;:{&quot;unit&quot;:&quot;px&quot;,&quot;size&quot;:&quot;&quot;,&quot;sizes&quot;:[]}}\" data-widget_type=\"eael-info-box.default\">\n\t\t\t\t<div class=\"elementor-widget-container\">\n\t\t\t\t\t            <a href=\"https:\/\/medplan-imaging.com\/pl\/czesci\/\">\n\t            <div class=\"eael-infobox icon-on-top\">\n\t            <div class=\"infobox-icon\">\n\n                            <img decoding=\"async\" src=\"https:\/\/medplan-imaging.com\/wp-content\/uploads\/2023\/11\/CT-MRIREMOTE_W.png\" alt=\"\">\n            \n            \n            \n        <\/div>\n            <div class=\"infobox-content\">\n                    <div class=\"infobox-title-section\">\n                <h1 class=\"title\">Cz\u0119\u015bci<\/h1>            <\/div>\n            <div><p style=\"text-align: center;line-height: 50%;margin-top: 30px\"><span style=\"font-size: 20px;font-family: barlow, palatino;color: #ffffff\">Naprawimy je dla Ciebie<\/span><\/p><\/div>        <\/div>\n            <\/div>\n\n\t\t            <\/a>\n\t\t\t\t\t\t<\/div>\n\t\t\t\t<\/div>\n\t\t\t\t<\/div>\n\t\t\t\t\t<\/div>\n\t\t\t\t<\/div>\n\t\t<div class=\"elementor-element elementor-element-2c55266 e-flex e-con-boxed e-con e-parent\" data-id=\"2c55266\" data-element_type=\"container\" data-e-type=\"container\">\n\t\t\t\t\t<div class=\"e-con-inner\">\n\t\t\t\t<div class=\"elementor-element elementor-element-fc6bcb3 elementor-widget elementor-widget-spacer\" data-id=\"fc6bcb3\" data-element_type=\"widget\" data-e-type=\"widget\" data-widget_type=\"spacer.default\">\n\t\t\t\t<div class=\"elementor-widget-container\">\n\t\t\t\t\t\t\t<div class=\"elementor-spacer\">\n\t\t\t<div class=\"elementor-spacer-inner\"><\/div>\n\t\t<\/div>\n\t\t\t\t\t\t<\/div>\n\t\t\t\t<\/div>\n\t\t\t\t\t<\/div>\n\t\t\t\t<\/div>\n\t\t\t\t<\/div>\n\t\t","protected":false},"excerpt":{"rendered":"<p>Sprz\u0119t Sprawd\u017a dost\u0119pne systemy Rozwi\u0105zaniamobilne Wynajem przyczep z systemami dostosowanymi do Twoich potrzeb Akademia Kursy i szkolenia praktyczne stacjonarne lub online Cz\u0119\u015bci Naprawimy je dla Ciebie<\/p>\n","protected":false},"author":1,"featured_media":0,"parent":0,"menu_order":0,"comment_status":"closed","ping_status":"closed","template":"elementor_header_footer","meta":{"_kadence_starter_templates_imported_post":false,"_swpsp_post_exclude":false,"_kad_post_transparent":"","_kad_post_title":"","_kad_post_layout":"","_kad_post_sidebar_id":"","_kad_post_content_style":"","_kad_post_vertical_padding":"","_kad_post_feature":"","_kad_post_feature_position":"","_kad_post_header":false,"_kad_post_footer":false,"_kad_post_classname":"","footnotes":""},"class_list":["post-11431","page","type-page","status-publish","hentry"],"_links":{"self":[{"href":"https:\/\/medplan-imaging.com\/pl\/wp-json\/wp\/v2\/pages\/11431","targetHints":{"allow":["GET"]}}],"collection":[{"href":"https:\/\/medplan-imaging.com\/pl\/wp-json\/wp\/v2\/pages"}],"about":[{"href":"https:\/\/medplan-imaging.com\/pl\/wp-json\/wp\/v2\/types\/page"}],"author":[{"embeddable":true,"href":"https:\/\/medplan-imaging.com\/pl\/wp-json\/wp\/v2\/users\/1"}],"replies":[{"embeddable":true,"href":"https:\/\/medplan-imaging.com\/pl\/wp-json\/wp\/v2\/comments?post=11431"}],"version-history":[{"count":0,"href":"https:\/\/medplan-imaging.com\/pl\/wp-json\/wp\/v2\/pages\/11431\/revisions"}],"wp:attachment":[{"href":"https:\/\/medplan-imaging.com\/pl\/wp-json\/wp\/v2\/media?parent=11431"}],"curies":[{"name":"wp","href":"https:\/\/api.w.org\/{rel}","templated":true}]}}