{"id":11602,"date":"2023-11-26T09:34:15","date_gmt":"2023-11-26T07:34:15","guid":{"rendered":"https:\/\/medplan-imaging.com\/zasady-serwisowania-systemow-tk-od-roznych-dostawcow\/"},"modified":"2024-04-17T09:12:02","modified_gmt":"2024-04-17T07:12:02","slug":"zasady-serwisowania-systemow-tk-od-roznych-dostawcow","status":"publish","type":"page","link":"https:\/\/medplan-imaging.com\/pl\/zasady-serwisowania-systemow-tk-od-roznych-dostawcow\/","title":{"rendered":"Zasady serwisowania system\u00f3w TK od r\u00f3\u017cnych dostawc\u00f3w"},"content":{"rendered":"\t\t<div data-elementor-type=\"wp-page\" data-elementor-id=\"11602\" class=\"elementor elementor-11602\" data-elementor-post-type=\"page\">\n\t\t\t\t<div class=\"elementor-element elementor-element-bd18ca4 e-flex e-con-boxed e-con e-parent\" data-id=\"bd18ca4\" data-element_type=\"container\" data-e-type=\"container\">\n\t\t\t\t\t<div class=\"e-con-inner\">\n\t\t\t\t<div class=\"elementor-element elementor-element-4186a84 elementor-widget elementor-widget-spacer\" data-id=\"4186a84\" data-element_type=\"widget\" data-e-type=\"widget\" data-widget_type=\"spacer.default\">\n\t\t\t\t<div class=\"elementor-widget-container\">\n\t\t\t\t\t\t\t<div class=\"elementor-spacer\">\n\t\t\t<div class=\"elementor-spacer-inner\"><\/div>\n\t\t<\/div>\n\t\t\t\t\t\t<\/div>\n\t\t\t\t<\/div>\n\t\t\t\t\t<\/div>\n\t\t\t\t<\/div>\n\t\t<div class=\"elementor-element elementor-element-65c4953 e-flex e-con-boxed e-con e-parent\" data-id=\"65c4953\" data-element_type=\"container\" data-e-type=\"container\">\n\t\t\t\t\t<div class=\"e-con-inner\">\n\t\t<div class=\"elementor-element elementor-element-1035db1 e-flex e-con-boxed e-con e-child\" data-id=\"1035db1\" data-element_type=\"container\" data-e-type=\"container\">\n\t\t\t\t\t<div class=\"e-con-inner\">\n\t\t<div class=\"elementor-element elementor-element-736b4d3 e-flex e-con-boxed e-con e-child\" data-id=\"736b4d3\" data-element_type=\"container\" data-e-type=\"container\">\n\t\t\t\t\t<div class=\"e-con-inner\">\n\t\t<div class=\"elementor-element elementor-element-c2db4b4 e-flex e-con-boxed e-con e-child\" data-id=\"c2db4b4\" data-element_type=\"container\" data-e-type=\"container\">\n\t\t\t\t\t<div class=\"e-con-inner\">\n\t\t\t\t<div class=\"elementor-element elementor-element-458987e elementor-widget elementor-widget-image\" data-id=\"458987e\" data-element_type=\"widget\" data-e-type=\"widget\" data-widget_type=\"image.default\">\n\t\t\t\t<div class=\"elementor-widget-container\">\n\t\t\t\t\t\t\t\t\t\t\t\t\t\t\t<img fetchpriority=\"high\" decoding=\"async\" width=\"1024\" height=\"891\" src=\"https:\/\/medplan-imaging.com\/wp-content\/uploads\/2023\/11\/10-1024x891.jpg\" class=\"attachment-large size-large wp-image-4899\" alt=\"\" srcset=\"https:\/\/medplan-imaging.com\/wp-content\/uploads\/2023\/11\/10-1024x891.jpg 1024w, https:\/\/medplan-imaging.com\/wp-content\/uploads\/2023\/11\/10-300x261.jpg 300w, https:\/\/medplan-imaging.com\/wp-content\/uploads\/2023\/11\/10-768x668.jpg 768w, https:\/\/medplan-imaging.com\/wp-content\/uploads\/2023\/11\/10-600x522.jpg 600w, https:\/\/medplan-imaging.com\/wp-content\/uploads\/2023\/11\/10.jpg 1379w\" sizes=\"(max-width: 1024px) 100vw, 1024px\" \/>\t\t\t\t\t\t\t\t\t\t\t\t\t\t\t<\/div>\n\t\t\t\t<\/div>\n\t\t\t\t<div class=\"elementor-element elementor-element-cb8a0e9 elementor-widget elementor-widget-heading\" data-id=\"cb8a0e9\" data-element_type=\"widget\" data-e-type=\"widget\" data-widget_type=\"heading.default\">\n\t\t\t\t<div class=\"elementor-widget-container\">\n\t\t\t\t\t<h2 class=\"elementor-heading-title elementor-size-default\">Zasady serwisowania system\u00f3w TK od r\u00f3\u017cnych\ndostawc\u00f3w<\/h2>\t\t\t\t<\/div>\n\t\t\t\t<\/div>\n\t\t\t\t\t<\/div>\n\t\t\t\t<\/div>\n\t\t<div class=\"elementor-element elementor-element-65c0c7d e-flex e-con-boxed e-con e-child\" data-id=\"65c0c7d\" data-element_type=\"container\" data-e-type=\"container\">\n\t\t\t\t\t<div class=\"e-con-inner\">\n\t\t\t\t<div class=\"elementor-element elementor-element-a4e3121 elementor-widget elementor-widget-text-editor\" data-id=\"a4e3121\" data-element_type=\"widget\" data-e-type=\"widget\" data-widget_type=\"text-editor.default\">\n\t\t\t\t<div class=\"elementor-widget-container\">\n\t\t\t\t\t\t\t\t\t<p><strong>Kod kursu<\/strong> MEDP-MVSSERVCT<\/p><p><strong>Organizator <\/strong><strong>szkolenia <\/strong>Niezale\u017cne szkolenie MEDPLAN<\/p><p><strong>Modalno\u015b\u0107<\/strong> Tomografia komputerowa<br \/><strong>Wyposa\u017cenie OEM<\/strong> MVS<\/p><p><strong>D\u0142ugo\u015b\u0107 kursu<\/strong> \u2013 10 dni<br \/><strong>Metoda<\/strong> \u2013 zaj\u0119cia w sali\/laboratorium<br \/><strong>Lokalizacja<\/strong> \u2013 W\u0142ochy<br \/><strong>Data<\/strong> \u2013 25.03.2024<br \/><strong>Status<\/strong> <span style=\"color: #339966;\"><strong>POTWIERDZONE<\/strong><\/span><\/p><p><strong>Uczestnicy<\/strong>: in\u017cynierowie serwisu, in\u017cynierowie biomedyczni, technicy,kierownik techniczny<\/p>\t\t\t\t\t\t\t\t<\/div>\n\t\t\t\t<\/div>\n\t\t\t\t\t<\/div>\n\t\t\t\t<\/div>\n\t\t\t\t\t<\/div>\n\t\t\t\t<\/div>\n\t\t<div class=\"elementor-element elementor-element-e28e4c4 e-flex e-con-boxed e-con e-child\" data-id=\"e28e4c4\" data-element_type=\"container\" data-e-type=\"container\">\n\t\t\t\t\t<div class=\"e-con-inner\">\n\t\t\t\t<div class=\"elementor-element elementor-element-03b3168 elementor-widget elementor-widget-text-editor\" data-id=\"03b3168\" data-element_type=\"widget\" data-e-type=\"widget\" data-widget_type=\"text-editor.default\">\n\t\t\t\t<div class=\"elementor-widget-container\">\n\t\t\t\t\t\t\t\t\t<p><strong>Szczeg\u00f3\u0142y<\/strong><\/p>\n<p>Kurs Zasady serwisowania system\u00f3w TK jest przeznaczony dla specjalist\u00f3w ds. serwisu, rozpoczynaj\u0105cych prac\u0119 w obs\u0142udze sprz\u0119tu TK. Kurs dotycz\u0105cy TK pochodz\u0105cych od r\u00f3\u017cnych dostawc\u00f3w wyposa\u017ca uczestnik\u00f3w w umiej\u0119tno\u015bci niezb\u0119dne do zrozumienia systemu TK, pozwalaj\u0105ce poczu\u0107 si\u0119 pewnie podczas pracy z gantr\u0105, w zakresie transportu pacjenta, monta\u017cu detektora, system\u00f3w DAS, SRU, kontroli lampy oraz podsystem\u00f3w stanowiska operatora. B\u0119dzie zwr\u00f3cono szczeg\u00f3ln\u0105 uwag\u0119 na zmiany w lampach.  Kurs koncentruje si\u0119 na zaj\u0119ciach praktycznych w laboratorium, kt\u00f3re obejmuj\u0105 ok. 80% wszystkich zaj\u0119\u0107.<\/p>\n<p>Program jest podzielony na osiem cz\u0119\u015bci:<br \/>\u2013 podstawowe zasady TK,<br \/>\u2013 procedury bezpiecze\u0144stwa,<br \/>\u2013 obs\u0142uga systemu,<br \/>\u2013 kontrola specyfikacji systemu,<br \/>\u2013 kalibracja systemu,<br \/>\u2013 obs\u0142uga oprogramowania,<br \/>\u2013 kopia zapasowa\/przywracanie systemu,<br \/>\u2013 rozwi\u0105zywanie problem\u00f3w w g\u0142\u00f3wnych podsystemach.<\/p>\n\t\t\t\t\t\t\t\t<\/div>\n\t\t\t\t<\/div>\n\t\t<div class=\"elementor-element elementor-element-ce56e88 e-con-full e-flex e-con e-child\" data-id=\"ce56e88\" data-element_type=\"container\" data-e-type=\"container\">\n\t\t\t\t<div class=\"elementor-element elementor-element-535e084 e-fit_to_content elementor-widget__width-inherit e-n-menu-none e-n-menu-layout-horizontal elementor-invisible elementor-widget elementor-widget-n-menu\" data-id=\"535e084\" data-element_type=\"widget\" data-e-type=\"widget\" data-settings=\"{&quot;menu_items&quot;:[{&quot;_id&quot;:&quot;2937f6c&quot;,&quot;item_title&quot;:&quot;Wy\\u015blij zapytanie&quot;,&quot;item_dropdown_content&quot;:&quot;yes&quot;,&quot;index&quot;:0,&quot;item_link&quot;:{&quot;url&quot;:&quot;&quot;,&quot;is_external&quot;:&quot;&quot;,&quot;nofollow&quot;:&quot;&quot;,&quot;custom_attributes&quot;:&quot;&quot;},&quot;item_icon&quot;:{&quot;value&quot;:&quot;&quot;,&quot;library&quot;:&quot;&quot;},&quot;item_icon_active&quot;:null,&quot;element_id&quot;:&quot;&quot;}],&quot;content_width&quot;:&quot;fit_to_content&quot;,&quot;item_position_horizontal&quot;:&quot;center&quot;,&quot;open_animation&quot;:&quot;fadeIn&quot;,&quot;_animation&quot;:&quot;fadeInUp&quot;,&quot;breakpoint_selector&quot;:&quot;none&quot;,&quot;open_on&quot;:&quot;click&quot;,&quot;item_layout&quot;:&quot;horizontal&quot;,&quot;horizontal_scroll&quot;:&quot;disable&quot;,&quot;menu_item_title_distance_from_content&quot;:{&quot;unit&quot;:&quot;px&quot;,&quot;size&quot;:0,&quot;sizes&quot;:[]},&quot;menu_item_title_distance_from_content_tablet&quot;:{&quot;unit&quot;:&quot;px&quot;,&quot;size&quot;:&quot;&quot;,&quot;sizes&quot;:[]},&quot;menu_item_title_distance_from_content_mobile&quot;:{&quot;unit&quot;:&quot;px&quot;,&quot;size&quot;:&quot;&quot;,&quot;sizes&quot;:[]}}\" data-widget_type=\"mega-menu.default\">\n\t\t\t\t<div class=\"elementor-widget-container\">\n\t\t\t\t\t\t\t<nav class=\"e-n-menu\" data-widget-number=\"874\" aria-label=\"Menu\">\n\t\t\t\t\t<button class=\"e-n-menu-toggle\" id=\"menu-toggle-874\" aria-haspopup=\"true\" aria-expanded=\"false\" aria-controls=\"menubar-874\" aria-label=\"Menu Toggle\">\n\t\t\t<span class=\"e-n-menu-toggle-icon e-open\">\n\t\t\t\t<svg class=\"e-font-icon-svg e-eicon-menu-bar\" viewBox=\"0 0 1000 1000\" xmlns=\"http:\/\/www.w3.org\/2000\/svg\"><path d=\"M104 333H896C929 333 958 304 958 271S929 208 896 208H104C71 208 42 237 42 271S71 333 104 333ZM104 583H896C929 583 958 554 958 521S929 458 896 458H104C71 458 42 487 42 521S71 583 104 583ZM104 833H896C929 833 958 804 958 771S929 708 896 708H104C71 708 42 737 42 771S71 833 104 833Z\"><\/path><\/svg>\t\t\t<\/span>\n\t\t\t<span class=\"e-n-menu-toggle-icon e-close\">\n\t\t\t\t<svg class=\"e-font-icon-svg e-eicon-close\" viewBox=\"0 0 1000 1000\" xmlns=\"http:\/\/www.w3.org\/2000\/svg\"><path d=\"M742 167L500 408 258 167C246 154 233 150 217 150 196 150 179 158 167 167 154 179 150 196 150 212 150 229 154 242 171 254L408 500 167 742C138 771 138 800 167 829 196 858 225 858 254 829L496 587 738 829C750 842 767 846 783 846 800 846 817 842 829 829 842 817 846 804 846 783 846 767 842 750 829 737L588 500 833 258C863 229 863 200 833 171 804 137 775 137 742 167Z\"><\/path><\/svg>\t\t\t<\/span>\n\t\t<\/button>\n\t\t\t\t\t<div class=\"e-n-menu-wrapper\" id=\"menubar-874\" aria-labelledby=\"menu-toggle-874\">\n\t\t\t\t<ul class=\"e-n-menu-heading\">\n\t\t\t\t\t\t\t\t<li class=\"e-n-menu-item\">\n\t\t\t\t<div id=\"e-n-menu-title-8741\" class=\"e-n-menu-title e-click\">\n\t\t\t\t\t<div class=\"e-n-menu-title-container\">\t\t\t\t\t\t\t\t\t\t\t\t<span class=\"e-n-menu-title-text\">\n\t\t\t\t\t\t\tWy\u015blij zapytanie\t\t\t\t\t\t<\/span>\n\t\t\t\t\t<\/div>\t\t\t\t\t\t\t\t\t\t\t<button id=\"e-n-menu-dropdown-icon-8741\" class=\"e-n-menu-dropdown-icon e-focus\" data-tab-index=\"1\" aria-haspopup=\"true\" aria-expanded=\"false\" aria-controls=\"e-n-menu-content-8741\" >\n\t\t\t\t\t\t\t<span class=\"e-n-menu-dropdown-icon-opened\">\n\t\t\t\t\t\t\t\t\t\t\t\t\t\t\t\t<span class=\"elementor-screen-only\">Close Wy\u015blij zapytanie<\/span>\n\t\t\t\t\t\t\t<\/span>\n\t\t\t\t\t\t\t<span class=\"e-n-menu-dropdown-icon-closed\">\n\t\t\t\t\t\t\t\t\t\t\t\t\t\t\t\t<span class=\"elementor-screen-only\">Open Wy\u015blij zapytanie<\/span>\n\t\t\t\t\t\t\t<\/span>\n\t\t\t\t\t\t<\/button>\n\t\t\t\t\t\t\t\t\t<\/div>\n\t\t\t\t\t\t\t\t\t<div class=\"e-n-menu-content\">\n\t\t\t\t\t\t<div id=\"e-n-menu-content-8741\" data-tab-index=\"1\" aria-labelledby=\"e-n-menu-dropdown-icon-8741\" class=\"elementor-element elementor-element-e0d738f e-flex e-con-boxed e-con e-child\" data-id=\"e0d738f\" data-element_type=\"container\" data-e-type=\"container\" data-settings=\"{&quot;background_background&quot;:&quot;classic&quot;}\">\n\t\t\t\t\t<div class=\"e-con-inner\">\n\t\t\t\t<div class=\"elementor-element elementor-element-279a9b2 elementor-button-align-center elementor-widget elementor-widget-form\" data-id=\"279a9b2\" data-element_type=\"widget\" data-e-type=\"widget\" data-settings=\"{&quot;step_next_label&quot;:&quot;Dalej&quot;,&quot;step_previous_label&quot;:&quot;Wstecz&quot;,&quot;step_icon_shape&quot;:&quot;none&quot;,&quot;button_width&quot;:&quot;100&quot;,&quot;step_type&quot;:&quot;number_text&quot;}\" data-widget_type=\"form.default\">\n\t\t\t\t<div class=\"elementor-widget-container\">\n\t\t\t\t\t\t\t<form class=\"elementor-form\" method=\"post\" name=\"Formularz kontaktowy\" aria-label=\"Formularz kontaktowy\" novalidate=\"\">\n\t\t\t<input type=\"hidden\" name=\"post_id\" value=\"11602\"\/>\n\t\t\t<input type=\"hidden\" name=\"form_id\" value=\"279a9b2\"\/>\n\t\t\t<input type=\"hidden\" name=\"referer_title\" value=\"Zasady serwisowania system\u00f3w TK od r\u00f3\u017cnych dostawc\u00f3w\" \/>\n\n\t\t\t\t\t\t\t<input type=\"hidden\" name=\"queried_id\" value=\"11602\"\/>\n\t\t\t\n\t\t\t<div class=\"elementor-form-fields-wrapper elementor-labels-\">\n\t\t\t\t\t\t\t\t<div class=\"elementor-field-type-text elementor-field-group elementor-column elementor-field-group-name elementor-col-50 elementor-field-required\">\n\t\t\t\t\t\t\t\t\t\t\t\t<label for=\"form-field-name\" class=\"elementor-field-label elementor-screen-only\">\n\t\t\t\t\t\t\t\tImi\u0119\t\t\t\t\t\t\t<\/label>\n\t\t\t\t\t\t\t\t\t\t\t\t\t\t<input size=\"1\" type=\"text\" name=\"form_fields[name]\" id=\"form-field-name\" class=\"elementor-field elementor-size-md  elementor-field-textual\" placeholder=\"Imi\u0119\" required=\"required\">\n\t\t\t\t\t\t\t\t\t\t\t<\/div>\n\t\t\t\t\t\t\t\t<div class=\"elementor-field-type-text elementor-field-group elementor-column elementor-field-group-field_45db346 elementor-col-50 elementor-field-required\">\n\t\t\t\t\t\t\t\t\t\t\t\t<label for=\"form-field-field_45db346\" class=\"elementor-field-label elementor-screen-only\">\n\t\t\t\t\t\t\t\tNazwisko\t\t\t\t\t\t\t<\/label>\n\t\t\t\t\t\t\t\t\t\t\t\t\t\t<input size=\"1\" type=\"text\" name=\"form_fields[field_45db346]\" id=\"form-field-field_45db346\" class=\"elementor-field elementor-size-md  elementor-field-textual\" placeholder=\"Nazwisko\" required=\"required\">\n\t\t\t\t\t\t\t\t\t\t\t<\/div>\n\t\t\t\t\t\t\t\t<div class=\"elementor-field-type-email elementor-field-group elementor-column elementor-field-group-email elementor-col-50 elementor-field-required\">\n\t\t\t\t\t\t\t\t\t\t\t\t<label for=\"form-field-email\" class=\"elementor-field-label elementor-screen-only\">\n\t\t\t\t\t\t\t\tAdres e-mail\t\t\t\t\t\t\t<\/label>\n\t\t\t\t\t\t\t\t\t\t\t\t\t\t<input size=\"1\" type=\"email\" name=\"form_fields[email]\" id=\"form-field-email\" class=\"elementor-field elementor-size-md  elementor-field-textual\" placeholder=\"Adres e-mail\" required=\"required\">\n\t\t\t\t\t\t\t\t\t\t\t<\/div>\n\t\t\t\t\t\t\t\t<div class=\"elementor-field-type-tel elementor-field-group elementor-column elementor-field-group-field_6c180a9 elementor-col-50 elementor-field-required\">\n\t\t\t\t\t\t\t\t\t\t\t\t<label for=\"form-field-field_6c180a9\" class=\"elementor-field-label elementor-screen-only\">\n\t\t\t\t\t\t\t\tNumer telefonu\t\t\t\t\t\t\t<\/label>\n\t\t\t\t\t\t\t\t<input size=\"1\" type=\"tel\" name=\"form_fields[field_6c180a9]\" id=\"form-field-field_6c180a9\" class=\"elementor-field elementor-size-md  elementor-field-textual\" placeholder=\"Numer telefonu\" required=\"required\" pattern=\"[0-9()#&amp;+*-=.]+\" title=\"Akceptowane s\u0105 jedynie cyfry i znaki telefoniczne (#,-,*).\">\n\n\t\t\t\t\t\t<\/div>\n\t\t\t\t\t\t\t\t<div class=\"elementor-field-type-radio elementor-field-group elementor-column elementor-field-group-field_541655c elementor-col-100\">\n\t\t\t\t\t\t\t\t\t\t\t\t<label for=\"form-field-field_541655c\" class=\"elementor-field-label elementor-screen-only\">\n\t\t\t\t\t\t\t\tKursant\t\t\t\t\t\t\t<\/label>\n\t\t\t\t\t\t<div class=\"elementor-field-subgroup  \"><span class=\"elementor-field-option\"><input type=\"radio\" value=\"Chc\u0119 zapisa\u0107 si\u0119 na kurs\" id=\"form-field-field_541655c-0\" name=\"form_fields[field_541655c]\"> <label for=\"form-field-field_541655c-0\">Chc\u0119 zapisa\u0107 si\u0119 na kurs<\/label><\/span><span class=\"elementor-field-option\"><input type=\"radio\" value=\"Chc\u0119 zosta\u0107 instruktorem (do\u0142\u0105cz CV poni\u017cej)\" id=\"form-field-field_541655c-1\" name=\"form_fields[field_541655c]\"> <label for=\"form-field-field_541655c-1\">Chc\u0119 zosta\u0107 instruktorem (do\u0142\u0105cz CV poni\u017cej)<\/label><\/span><\/div>\t\t\t\t<\/div>\n\t\t\t\t\t\t\t\t<div class=\"elementor-field-type-textarea elementor-field-group elementor-column elementor-field-group-message elementor-col-100\">\n\t\t\t\t\t\t\t\t\t\t\t\t<label for=\"form-field-message\" class=\"elementor-field-label elementor-screen-only\">\n\t\t\t\t\t\t\t\tWiadomo\u015b\u0107\t\t\t\t\t\t\t<\/label>\n\t\t\t\t\t\t<textarea class=\"elementor-field-textual elementor-field  elementor-size-md\" name=\"form_fields[message]\" id=\"form-field-message\" rows=\"4\" placeholder=\"Wiadomo\u015b\u0107\"><\/textarea>\t\t\t\t<\/div>\n\t\t\t\t\t\t\t\t<div class=\"elementor-field-type-upload elementor-field-group elementor-column elementor-field-group-field_ab411b3 elementor-col-100\">\n\t\t\t\t\t\t\t\t\t\t\t\t<label for=\"form-field-field_ab411b3\" class=\"elementor-field-label elementor-screen-only\">\n\t\t\t\t\t\t\t\tPlik\t\t\t\t\t\t\t<\/label>\n\t\t\t\t\t\t\t\t<input type=\"file\" name=\"form_fields[field_ab411b3][]\" id=\"form-field-field_ab411b3\" class=\"elementor-field elementor-size-md  elementor-upload-field\" multiple=\"multiple\" data-maxsize=\"15\" data-maxsize-message=\"Rozmiar pliku przekracza dozwolony rozmiar.\">\n\n\t\t\t\t\t\t<\/div>\n\t\t\t\t\t\t\t\t<div class=\"elementor-field-group elementor-column elementor-field-type-submit elementor-col-100 e-form__buttons\">\n\t\t\t\t\t<button class=\"elementor-button elementor-size-sm\" type=\"submit\">\n\t\t\t\t\t\t<span class=\"elementor-button-content-wrapper\">\n\t\t\t\t\t\t\t\t\t\t\t\t\t\t\t\t\t\t\t\t\t\t<span class=\"elementor-button-text\">Wy\u015blij<\/span>\n\t\t\t\t\t\t\t\t\t\t\t\t\t<\/span>\n\t\t\t\t\t<\/button>\n\t\t\t\t<\/div>\n\t\t\t<\/div>\n\t\t<\/form>\n\t\t\t\t\t\t<\/div>\n\t\t\t\t<\/div>\n\t\t\t\t\t<\/div>\n\t\t\t\t<\/div>\n\t\t\t\t\t\t\t<\/div>\n\t\t\t\t\t\t\t<\/li>\n\t\t\t\t\t\t<\/ul>\n\t\t\t<\/div>\n\t\t<\/nav>\n\t\t\t\t\t\t<\/div>\n\t\t\t\t<\/div>\n\t\t\t\t<\/div>\n\t\t\t\t\t<\/div>\n\t\t\t\t<\/div>\n\t\t\t\t\t<\/div>\n\t\t\t\t<\/div>\n\t\t\t\t\t<\/div>\n\t\t\t\t<\/div>\n\t\t<div class=\"elementor-element elementor-element-5eadb2e e-flex e-con-boxed e-con e-parent\" data-id=\"5eadb2e\" data-element_type=\"container\" data-e-type=\"container\">\n\t\t\t\t\t<div class=\"e-con-inner\">\n\t\t\t\t<div class=\"elementor-element elementor-element-6a4f0c3 elementor-widget elementor-widget-spacer\" data-id=\"6a4f0c3\" data-element_type=\"widget\" data-e-type=\"widget\" data-widget_type=\"spacer.default\">\n\t\t\t\t<div class=\"elementor-widget-container\">\n\t\t\t\t\t\t\t<div class=\"elementor-spacer\">\n\t\t\t<div class=\"elementor-spacer-inner\"><\/div>\n\t\t<\/div>\n\t\t\t\t\t\t<\/div>\n\t\t\t\t<\/div>\n\t\t\t\t\t<\/div>\n\t\t\t\t<\/div>\n\t\t\t\t<\/div>\n\t\t","protected":false},"excerpt":{"rendered":"<p>Zasady serwisowania system\u00f3w TK od r\u00f3\u017cnych dostawc\u00f3w Kod kursu MEDP-MVSSERVCT Organizator szkolenia Niezale\u017cne szkolenie MEDPLAN Modalno\u015b\u0107 Tomografia komputerowaWyposa\u017cenie OEM MVS D\u0142ugo\u015b\u0107 kursu \u2013 10 dniMetoda \u2013 zaj\u0119cia w sali\/laboratoriumLokalizacja \u2013 W\u0142ochyData \u2013 25.03.2024Status POTWIERDZONE Uczestnicy: in\u017cynierowie serwisu, in\u017cynierowie biomedyczni, technicy,kierownik techniczny Szczeg\u00f3\u0142y Kurs Zasady serwisowania system\u00f3w TK jest przeznaczony dla specjalist\u00f3w ds. serwisu, rozpoczynaj\u0105cych prac\u0119&#8230;<\/p>\n","protected":false},"author":2,"featured_media":0,"parent":0,"menu_order":0,"comment_status":"closed","ping_status":"closed","template":"elementor_header_footer","meta":{"_kadence_starter_templates_imported_post":false,"_swpsp_post_exclude":false,"_kad_post_transparent":"","_kad_post_title":"hide","_kad_post_layout":"fullwidth","_kad_post_sidebar_id":"","_kad_post_content_style":"unboxed","_kad_post_vertical_padding":"hide","_kad_post_feature":"hide","_kad_post_feature_position":"","_kad_post_header":false,"_kad_post_footer":false,"_kad_post_classname":"","footnotes":""},"class_list":["post-11602","page","type-page","status-publish","hentry"],"_links":{"self":[{"href":"https:\/\/medplan-imaging.com\/pl\/wp-json\/wp\/v2\/pages\/11602","targetHints":{"allow":["GET"]}}],"collection":[{"href":"https:\/\/medplan-imaging.com\/pl\/wp-json\/wp\/v2\/pages"}],"about":[{"href":"https:\/\/medplan-imaging.com\/pl\/wp-json\/wp\/v2\/types\/page"}],"author":[{"embeddable":true,"href":"https:\/\/medplan-imaging.com\/pl\/wp-json\/wp\/v2\/users\/2"}],"replies":[{"embeddable":true,"href":"https:\/\/medplan-imaging.com\/pl\/wp-json\/wp\/v2\/comments?post=11602"}],"version-history":[{"count":0,"href":"https:\/\/medplan-imaging.com\/pl\/wp-json\/wp\/v2\/pages\/11602\/revisions"}],"wp:attachment":[{"href":"https:\/\/medplan-imaging.com\/pl\/wp-json\/wp\/v2\/media?parent=11602"}],"curies":[{"name":"wp","href":"https:\/\/api.w.org\/{rel}","templated":true}]}}