{"id":11630,"date":"2023-11-26T09:24:17","date_gmt":"2023-11-26T07:24:17","guid":{"rendered":"https:\/\/medplan-imaging.com\/siemens-aera-skyra-i-rodzina-produktow-rm-avanto-espree\/"},"modified":"2024-04-17T09:11:46","modified_gmt":"2024-04-17T07:11:46","slug":"siemens-aera-skyra-i-rodzina-produktow-rm-avanto-espree","status":"publish","type":"page","link":"https:\/\/medplan-imaging.com\/pl\/siemens-aera-skyra-i-rodzina-produktow-rm-avanto-espree\/","title":{"rendered":"Siemens Aera, Skyra i rodzina produkt\u00f3w RM (Avanto, Espree)"},"content":{"rendered":"\t\t<div data-elementor-type=\"wp-page\" data-elementor-id=\"11630\" class=\"elementor elementor-11630\" data-elementor-post-type=\"page\">\n\t\t\t\t<div class=\"elementor-element elementor-element-45eab24 e-flex e-con-boxed e-con e-parent\" data-id=\"45eab24\" data-element_type=\"container\" data-e-type=\"container\">\n\t\t\t\t\t<div class=\"e-con-inner\">\n\t\t\t\t<div class=\"elementor-element elementor-element-373dd8a elementor-widget elementor-widget-spacer\" data-id=\"373dd8a\" data-element_type=\"widget\" data-e-type=\"widget\" data-widget_type=\"spacer.default\">\n\t\t\t\t<div class=\"elementor-widget-container\">\n\t\t\t\t\t\t\t<div class=\"elementor-spacer\">\n\t\t\t<div class=\"elementor-spacer-inner\"><\/div>\n\t\t<\/div>\n\t\t\t\t\t\t<\/div>\n\t\t\t\t<\/div>\n\t\t\t\t\t<\/div>\n\t\t\t\t<\/div>\n\t\t<div class=\"elementor-element elementor-element-4d93fe7 e-flex e-con-boxed e-con e-parent\" data-id=\"4d93fe7\" data-element_type=\"container\" data-e-type=\"container\">\n\t\t\t\t\t<div class=\"e-con-inner\">\n\t\t<div class=\"elementor-element elementor-element-4314bfe e-flex e-con-boxed e-con e-child\" data-id=\"4314bfe\" data-element_type=\"container\" data-e-type=\"container\">\n\t\t\t\t\t<div class=\"e-con-inner\">\n\t\t<div class=\"elementor-element elementor-element-f9c2be8 e-flex e-con-boxed e-con e-child\" data-id=\"f9c2be8\" data-element_type=\"container\" data-e-type=\"container\">\n\t\t\t\t\t<div class=\"e-con-inner\">\n\t\t<div class=\"elementor-element elementor-element-3af6c30 e-flex e-con-boxed e-con e-child\" data-id=\"3af6c30\" data-element_type=\"container\" data-e-type=\"container\">\n\t\t\t\t\t<div class=\"e-con-inner\">\n\t\t\t\t<div class=\"elementor-element elementor-element-b52350e elementor-widget elementor-widget-image\" data-id=\"b52350e\" data-element_type=\"widget\" data-e-type=\"widget\" data-widget_type=\"image.default\">\n\t\t\t\t<div class=\"elementor-widget-container\">\n\t\t\t\t\t\t\t\t\t\t\t\t\t\t\t<img fetchpriority=\"high\" decoding=\"async\" width=\"600\" height=\"600\" src=\"https:\/\/medplan-imaging.com\/wp-content\/uploads\/2023\/11\/8-1.jpg\" class=\"attachment-large size-large wp-image-4886\" alt=\"\" srcset=\"https:\/\/medplan-imaging.com\/wp-content\/uploads\/2023\/11\/8-1.jpg 600w, https:\/\/medplan-imaging.com\/wp-content\/uploads\/2023\/11\/8-1-300x300.jpg 300w, https:\/\/medplan-imaging.com\/wp-content\/uploads\/2023\/11\/8-1-150x150.jpg 150w, https:\/\/medplan-imaging.com\/wp-content\/uploads\/2023\/11\/8-1-100x100.jpg 100w\" sizes=\"(max-width: 600px) 100vw, 600px\" \/>\t\t\t\t\t\t\t\t\t\t\t\t\t\t\t<\/div>\n\t\t\t\t<\/div>\n\t\t\t\t<div class=\"elementor-element elementor-element-0f19e70 elementor-widget elementor-widget-heading\" data-id=\"0f19e70\" data-element_type=\"widget\" data-e-type=\"widget\" data-widget_type=\"heading.default\">\n\t\t\t\t<div class=\"elementor-widget-container\">\n\t\t\t\t\t<h2 class=\"elementor-heading-title elementor-size-default\">Siemens Aera, Skyra i rodzina produkt\u00f3w RM (Avanto,\nEspree)<\/h2>\t\t\t\t<\/div>\n\t\t\t\t<\/div>\n\t\t\t\t\t<\/div>\n\t\t\t\t<\/div>\n\t\t<div class=\"elementor-element elementor-element-3aaed50 e-flex e-con-boxed e-con e-child\" data-id=\"3aaed50\" data-element_type=\"container\" data-e-type=\"container\">\n\t\t\t\t\t<div class=\"e-con-inner\">\n\t\t\t\t<div class=\"elementor-element elementor-element-d2a6cbc elementor-widget elementor-widget-text-editor\" data-id=\"d2a6cbc\" data-element_type=\"widget\" data-e-type=\"widget\" data-widget_type=\"text-editor.default\">\n\t\t\t\t<div class=\"elementor-widget-container\">\n\t\t\t\t\t\t\t\t\t<p><strong>Kod kursu<\/strong> MEDP-SIESERVMRI<\/p><p><strong>Organizator <\/strong><strong>szkolenia <\/strong>Niezale\u017cne szkolenie MEDPLAN<\/p><p><strong>Modalno\u015b\u0107<\/strong> Rezonans magnetyczny<br \/><strong>Wyposa\u017cenie OEM<\/strong> Philips<\/p><p><strong>D\u0142ugo\u015b\u0107 kursu<\/strong> \u2013 10 dni<br \/><strong>Metoda<\/strong> \u2013 zaj\u0119cia w sali\/laboratorium<br \/><strong>Lokalizacja<\/strong> \u2013 Polska<br \/><strong>Data<\/strong> \u2013 22.04.2024<br \/><strong>Status<\/strong> <span style=\"color: #339966;\"><strong>POTWIERDZONE<\/strong><\/span><\/p><p><strong>Uczestnicy<\/strong>: in\u017cynierowie serwisu, in\u017cynierowie biomedyczni, technicy,kierownik techniczny<\/p>\t\t\t\t\t\t\t\t<\/div>\n\t\t\t\t<\/div>\n\t\t\t\t\t<\/div>\n\t\t\t\t<\/div>\n\t\t\t\t\t<\/div>\n\t\t\t\t<\/div>\n\t\t<div class=\"elementor-element elementor-element-ad0f908 e-flex e-con-boxed e-con e-child\" data-id=\"ad0f908\" data-element_type=\"container\" data-e-type=\"container\">\n\t\t\t\t\t<div class=\"e-con-inner\">\n\t\t\t\t<div class=\"elementor-element elementor-element-e64c613 elementor-widget elementor-widget-text-editor\" data-id=\"e64c613\" data-element_type=\"widget\" data-e-type=\"widget\" data-widget_type=\"text-editor.default\">\n\t\t\t\t<div class=\"elementor-widget-container\">\n\t\t\t\t\t\t\t\t\t<p><strong>Szczeg\u00f3\u0142y<\/strong><\/p>\n<p>Kurs z zakresu obs\u0142ugi urz\u0105dze\u0144 Siemens Aera, Skyra i rodziny produkt\u00f3w RM to zaawansowane szkolenie dotycz\u0105ce RM, skoncentrowane na wiedzy dotycz\u0105cej system\u00f3w i do\u015bwiadczeniu zwi\u0105zanym z rozwi\u0105zywaniem problem\u00f3w. Kurs przybli\u017ca in\u017cynierom serwisu zaawansowane zagadnienia zwi\u0105zane z obs\u0142ug\u0105 systemu RM, funkcji oprogramowania (SYNGO), sprz\u0119tu, \u0142\u0105czno\u015bci systemu i obs\u0142ugi. Po uko\u0144czeniu kursu uczestnicy zdob\u0119d\u0105<\/p>\n<p>nast\u0119puj\u0105ce umiej\u0119tno\u015bci:<br \/>\u2013 zrozumienie zaawansowanej obs\u0142ugi rezonans\u00f3w magnetycznych firmy Siemens, <br \/>\u2013 wykonanie prewencyjnych i naprawczych czynno\u015bci konserwacyjnych,<br \/>\u2013 znajomo\u015b\u0107 narz\u0119dzi i technik s\u0142u\u017c\u0105cych do rozwi\u0105zywania problem\u00f3w zwi\u0105zanych z RM firmy Siemens,<br \/>\u2013 wiedza na temat funkcji i monitorowania magnesu,<br \/>\u2013 szersza wiedza na temat podsystem\u00f3w RM, m.in. \u0142a\u0144cucha RF, \u0142a\u0144cucha gradientowego, systemu ch\u0142odzenia i sieci RM,<br \/>\u2013 diagnostyka i korekta artefakt\u00f3w obrazu,<br \/>\u2013 diagnostyka i korekta b\u0142\u0119d\u00f3w systemu.<\/p>\n\t\t\t\t\t\t\t\t<\/div>\n\t\t\t\t<\/div>\n\t\t<div class=\"elementor-element elementor-element-b433d3f e-con-full e-flex e-con e-child\" data-id=\"b433d3f\" data-element_type=\"container\" data-e-type=\"container\">\n\t\t\t\t<div class=\"elementor-element elementor-element-eef8f42 e-fit_to_content elementor-widget__width-inherit e-n-menu-none e-n-menu-layout-horizontal elementor-invisible elementor-widget elementor-widget-n-menu\" data-id=\"eef8f42\" data-element_type=\"widget\" data-e-type=\"widget\" data-settings=\"{&quot;menu_items&quot;:[{&quot;_id&quot;:&quot;2937f6c&quot;,&quot;item_title&quot;:&quot;Wy\\u015blij zapytanie&quot;,&quot;item_dropdown_content&quot;:&quot;yes&quot;,&quot;index&quot;:0,&quot;item_link&quot;:{&quot;url&quot;:&quot;&quot;,&quot;is_external&quot;:&quot;&quot;,&quot;nofollow&quot;:&quot;&quot;,&quot;custom_attributes&quot;:&quot;&quot;},&quot;item_icon&quot;:{&quot;value&quot;:&quot;&quot;,&quot;library&quot;:&quot;&quot;},&quot;item_icon_active&quot;:null,&quot;element_id&quot;:&quot;&quot;}],&quot;content_width&quot;:&quot;fit_to_content&quot;,&quot;item_position_horizontal&quot;:&quot;center&quot;,&quot;open_animation&quot;:&quot;fadeIn&quot;,&quot;_animation&quot;:&quot;fadeInUp&quot;,&quot;breakpoint_selector&quot;:&quot;none&quot;,&quot;open_on&quot;:&quot;click&quot;,&quot;item_layout&quot;:&quot;horizontal&quot;,&quot;horizontal_scroll&quot;:&quot;disable&quot;,&quot;menu_item_title_distance_from_content&quot;:{&quot;unit&quot;:&quot;px&quot;,&quot;size&quot;:0,&quot;sizes&quot;:[]},&quot;menu_item_title_distance_from_content_tablet&quot;:{&quot;unit&quot;:&quot;px&quot;,&quot;size&quot;:&quot;&quot;,&quot;sizes&quot;:[]},&quot;menu_item_title_distance_from_content_mobile&quot;:{&quot;unit&quot;:&quot;px&quot;,&quot;size&quot;:&quot;&quot;,&quot;sizes&quot;:[]}}\" data-widget_type=\"mega-menu.default\">\n\t\t\t\t<div class=\"elementor-widget-container\">\n\t\t\t\t\t\t\t<nav class=\"e-n-menu\" data-widget-number=\"250\" aria-label=\"Menu\">\n\t\t\t\t\t<button class=\"e-n-menu-toggle\" id=\"menu-toggle-250\" aria-haspopup=\"true\" aria-expanded=\"false\" aria-controls=\"menubar-250\" aria-label=\"Menu Toggle\">\n\t\t\t<span class=\"e-n-menu-toggle-icon e-open\">\n\t\t\t\t<svg class=\"e-font-icon-svg e-eicon-menu-bar\" viewBox=\"0 0 1000 1000\" xmlns=\"http:\/\/www.w3.org\/2000\/svg\"><path d=\"M104 333H896C929 333 958 304 958 271S929 208 896 208H104C71 208 42 237 42 271S71 333 104 333ZM104 583H896C929 583 958 554 958 521S929 458 896 458H104C71 458 42 487 42 521S71 583 104 583ZM104 833H896C929 833 958 804 958 771S929 708 896 708H104C71 708 42 737 42 771S71 833 104 833Z\"><\/path><\/svg>\t\t\t<\/span>\n\t\t\t<span class=\"e-n-menu-toggle-icon e-close\">\n\t\t\t\t<svg class=\"e-font-icon-svg e-eicon-close\" viewBox=\"0 0 1000 1000\" xmlns=\"http:\/\/www.w3.org\/2000\/svg\"><path d=\"M742 167L500 408 258 167C246 154 233 150 217 150 196 150 179 158 167 167 154 179 150 196 150 212 150 229 154 242 171 254L408 500 167 742C138 771 138 800 167 829 196 858 225 858 254 829L496 587 738 829C750 842 767 846 783 846 800 846 817 842 829 829 842 817 846 804 846 783 846 767 842 750 829 737L588 500 833 258C863 229 863 200 833 171 804 137 775 137 742 167Z\"><\/path><\/svg>\t\t\t<\/span>\n\t\t<\/button>\n\t\t\t\t\t<div class=\"e-n-menu-wrapper\" id=\"menubar-250\" aria-labelledby=\"menu-toggle-250\">\n\t\t\t\t<ul class=\"e-n-menu-heading\">\n\t\t\t\t\t\t\t\t<li class=\"e-n-menu-item\">\n\t\t\t\t<div id=\"e-n-menu-title-2501\" class=\"e-n-menu-title e-click\">\n\t\t\t\t\t<div class=\"e-n-menu-title-container\">\t\t\t\t\t\t\t\t\t\t\t\t<span class=\"e-n-menu-title-text\">\n\t\t\t\t\t\t\tWy\u015blij zapytanie\t\t\t\t\t\t<\/span>\n\t\t\t\t\t<\/div>\t\t\t\t\t\t\t\t\t\t\t<button id=\"e-n-menu-dropdown-icon-2501\" class=\"e-n-menu-dropdown-icon e-focus\" data-tab-index=\"1\" aria-haspopup=\"true\" aria-expanded=\"false\" aria-controls=\"e-n-menu-content-2501\" >\n\t\t\t\t\t\t\t<span class=\"e-n-menu-dropdown-icon-opened\">\n\t\t\t\t\t\t\t\t\t\t\t\t\t\t\t\t<span class=\"elementor-screen-only\">Close Wy\u015blij zapytanie<\/span>\n\t\t\t\t\t\t\t<\/span>\n\t\t\t\t\t\t\t<span class=\"e-n-menu-dropdown-icon-closed\">\n\t\t\t\t\t\t\t\t\t\t\t\t\t\t\t\t<span class=\"elementor-screen-only\">Open Wy\u015blij zapytanie<\/span>\n\t\t\t\t\t\t\t<\/span>\n\t\t\t\t\t\t<\/button>\n\t\t\t\t\t\t\t\t\t<\/div>\n\t\t\t\t\t\t\t\t\t<div class=\"e-n-menu-content\">\n\t\t\t\t\t\t<div id=\"e-n-menu-content-2501\" data-tab-index=\"1\" aria-labelledby=\"e-n-menu-dropdown-icon-2501\" class=\"elementor-element elementor-element-c10f8f3 e-flex e-con-boxed e-con e-child\" data-id=\"c10f8f3\" data-element_type=\"container\" data-e-type=\"container\" data-settings=\"{&quot;background_background&quot;:&quot;classic&quot;}\">\n\t\t\t\t\t<div class=\"e-con-inner\">\n\t\t\t\t<div class=\"elementor-element elementor-element-0dd1cc4 elementor-button-align-center elementor-widget elementor-widget-form\" data-id=\"0dd1cc4\" data-element_type=\"widget\" data-e-type=\"widget\" data-settings=\"{&quot;step_next_label&quot;:&quot;Dalej&quot;,&quot;step_previous_label&quot;:&quot;Wstecz&quot;,&quot;step_icon_shape&quot;:&quot;none&quot;,&quot;button_width&quot;:&quot;100&quot;,&quot;step_type&quot;:&quot;number_text&quot;}\" data-widget_type=\"form.default\">\n\t\t\t\t<div class=\"elementor-widget-container\">\n\t\t\t\t\t\t\t<form class=\"elementor-form\" method=\"post\" name=\"Formularz kontaktowy\" aria-label=\"Formularz kontaktowy\" novalidate=\"\">\n\t\t\t<input type=\"hidden\" name=\"post_id\" value=\"11630\"\/>\n\t\t\t<input type=\"hidden\" name=\"form_id\" value=\"0dd1cc4\"\/>\n\t\t\t<input type=\"hidden\" name=\"referer_title\" value=\"Siemens Aera, Skyra i rodzina produkt\u00f3w RM (Avanto, Espree)\" \/>\n\n\t\t\t\t\t\t\t<input type=\"hidden\" name=\"queried_id\" value=\"11630\"\/>\n\t\t\t\n\t\t\t<div class=\"elementor-form-fields-wrapper elementor-labels-\">\n\t\t\t\t\t\t\t\t<div class=\"elementor-field-type-text elementor-field-group elementor-column elementor-field-group-name elementor-col-50 elementor-field-required\">\n\t\t\t\t\t\t\t\t\t\t\t\t<label for=\"form-field-name\" class=\"elementor-field-label elementor-screen-only\">\n\t\t\t\t\t\t\t\tImi\u0119\t\t\t\t\t\t\t<\/label>\n\t\t\t\t\t\t\t\t\t\t\t\t\t\t<input size=\"1\" type=\"text\" name=\"form_fields[name]\" id=\"form-field-name\" class=\"elementor-field elementor-size-md  elementor-field-textual\" placeholder=\"Imi\u0119\" required=\"required\">\n\t\t\t\t\t\t\t\t\t\t\t<\/div>\n\t\t\t\t\t\t\t\t<div class=\"elementor-field-type-text elementor-field-group elementor-column elementor-field-group-field_45db346 elementor-col-50 elementor-field-required\">\n\t\t\t\t\t\t\t\t\t\t\t\t<label for=\"form-field-field_45db346\" class=\"elementor-field-label elementor-screen-only\">\n\t\t\t\t\t\t\t\tNazwisko\t\t\t\t\t\t\t<\/label>\n\t\t\t\t\t\t\t\t\t\t\t\t\t\t<input size=\"1\" type=\"text\" name=\"form_fields[field_45db346]\" id=\"form-field-field_45db346\" class=\"elementor-field elementor-size-md  elementor-field-textual\" placeholder=\"Nazwisko\" required=\"required\">\n\t\t\t\t\t\t\t\t\t\t\t<\/div>\n\t\t\t\t\t\t\t\t<div class=\"elementor-field-type-email elementor-field-group elementor-column elementor-field-group-email elementor-col-50 elementor-field-required\">\n\t\t\t\t\t\t\t\t\t\t\t\t<label for=\"form-field-email\" class=\"elementor-field-label elementor-screen-only\">\n\t\t\t\t\t\t\t\tAdres e-mail\t\t\t\t\t\t\t<\/label>\n\t\t\t\t\t\t\t\t\t\t\t\t\t\t<input size=\"1\" type=\"email\" name=\"form_fields[email]\" id=\"form-field-email\" class=\"elementor-field elementor-size-md  elementor-field-textual\" placeholder=\"Adres e-mail\" required=\"required\">\n\t\t\t\t\t\t\t\t\t\t\t<\/div>\n\t\t\t\t\t\t\t\t<div class=\"elementor-field-type-tel elementor-field-group elementor-column elementor-field-group-field_6c180a9 elementor-col-50 elementor-field-required\">\n\t\t\t\t\t\t\t\t\t\t\t\t<label for=\"form-field-field_6c180a9\" class=\"elementor-field-label elementor-screen-only\">\n\t\t\t\t\t\t\t\tNumer telefonu\t\t\t\t\t\t\t<\/label>\n\t\t\t\t\t\t\t\t<input size=\"1\" type=\"tel\" name=\"form_fields[field_6c180a9]\" id=\"form-field-field_6c180a9\" class=\"elementor-field elementor-size-md  elementor-field-textual\" placeholder=\"Numer telefonu\" required=\"required\" pattern=\"[0-9()#&amp;+*-=.]+\" title=\"Akceptowane s\u0105 jedynie cyfry i znaki telefoniczne (#,-,*).\">\n\n\t\t\t\t\t\t<\/div>\n\t\t\t\t\t\t\t\t<div class=\"elementor-field-type-radio elementor-field-group elementor-column elementor-field-group-field_541655c elementor-col-100\">\n\t\t\t\t\t\t\t\t\t\t\t\t<label for=\"form-field-field_541655c\" class=\"elementor-field-label elementor-screen-only\">\n\t\t\t\t\t\t\t\tKursant\t\t\t\t\t\t\t<\/label>\n\t\t\t\t\t\t<div class=\"elementor-field-subgroup  \"><span class=\"elementor-field-option\"><input type=\"radio\" value=\"Chc\u0119 zapisa\u0107 si\u0119 na kurs\" id=\"form-field-field_541655c-0\" name=\"form_fields[field_541655c]\"> <label for=\"form-field-field_541655c-0\">Chc\u0119 zapisa\u0107 si\u0119 na kurs<\/label><\/span><span class=\"elementor-field-option\"><input type=\"radio\" value=\"Chc\u0119 zosta\u0107 instruktorem (do\u0142\u0105cz CV poni\u017cej)\" id=\"form-field-field_541655c-1\" name=\"form_fields[field_541655c]\"> <label for=\"form-field-field_541655c-1\">Chc\u0119 zosta\u0107 instruktorem (do\u0142\u0105cz CV poni\u017cej)<\/label><\/span><\/div>\t\t\t\t<\/div>\n\t\t\t\t\t\t\t\t<div class=\"elementor-field-type-textarea elementor-field-group elementor-column elementor-field-group-message elementor-col-100\">\n\t\t\t\t\t\t\t\t\t\t\t\t<label for=\"form-field-message\" class=\"elementor-field-label elementor-screen-only\">\n\t\t\t\t\t\t\t\tWiadomo\u015b\u0107\t\t\t\t\t\t\t<\/label>\n\t\t\t\t\t\t<textarea class=\"elementor-field-textual elementor-field  elementor-size-md\" name=\"form_fields[message]\" id=\"form-field-message\" rows=\"4\" placeholder=\"Wiadomo\u015b\u0107\"><\/textarea>\t\t\t\t<\/div>\n\t\t\t\t\t\t\t\t<div class=\"elementor-field-type-upload elementor-field-group elementor-column elementor-field-group-field_ab411b3 elementor-col-100\">\n\t\t\t\t\t\t\t\t\t\t\t\t<label for=\"form-field-field_ab411b3\" class=\"elementor-field-label elementor-screen-only\">\n\t\t\t\t\t\t\t\tPlik\t\t\t\t\t\t\t<\/label>\n\t\t\t\t\t\t\t\t<input type=\"file\" name=\"form_fields[field_ab411b3][]\" id=\"form-field-field_ab411b3\" class=\"elementor-field elementor-size-md  elementor-upload-field\" multiple=\"multiple\" data-maxsize=\"15\" data-maxsize-message=\"Rozmiar pliku przekracza dozwolony rozmiar.\">\n\n\t\t\t\t\t\t<\/div>\n\t\t\t\t\t\t\t\t<div class=\"elementor-field-group elementor-column elementor-field-type-submit elementor-col-100 e-form__buttons\">\n\t\t\t\t\t<button class=\"elementor-button elementor-size-sm\" type=\"submit\">\n\t\t\t\t\t\t<span class=\"elementor-button-content-wrapper\">\n\t\t\t\t\t\t\t\t\t\t\t\t\t\t\t\t\t\t\t\t\t\t<span class=\"elementor-button-text\">Wy\u015blij<\/span>\n\t\t\t\t\t\t\t\t\t\t\t\t\t<\/span>\n\t\t\t\t\t<\/button>\n\t\t\t\t<\/div>\n\t\t\t<\/div>\n\t\t<\/form>\n\t\t\t\t\t\t<\/div>\n\t\t\t\t<\/div>\n\t\t\t\t\t<\/div>\n\t\t\t\t<\/div>\n\t\t\t\t\t\t\t<\/div>\n\t\t\t\t\t\t\t<\/li>\n\t\t\t\t\t\t<\/ul>\n\t\t\t<\/div>\n\t\t<\/nav>\n\t\t\t\t\t\t<\/div>\n\t\t\t\t<\/div>\n\t\t\t\t<\/div>\n\t\t\t\t\t<\/div>\n\t\t\t\t<\/div>\n\t\t\t\t\t<\/div>\n\t\t\t\t<\/div>\n\t\t\t\t\t<\/div>\n\t\t\t\t<\/div>\n\t\t<div class=\"elementor-element elementor-element-d0e2bca e-flex e-con-boxed e-con e-parent\" data-id=\"d0e2bca\" data-element_type=\"container\" data-e-type=\"container\">\n\t\t\t\t\t<div class=\"e-con-inner\">\n\t\t\t\t<div class=\"elementor-element elementor-element-7dd90e4 elementor-widget elementor-widget-spacer\" data-id=\"7dd90e4\" data-element_type=\"widget\" data-e-type=\"widget\" data-widget_type=\"spacer.default\">\n\t\t\t\t<div class=\"elementor-widget-container\">\n\t\t\t\t\t\t\t<div class=\"elementor-spacer\">\n\t\t\t<div class=\"elementor-spacer-inner\"><\/div>\n\t\t<\/div>\n\t\t\t\t\t\t<\/div>\n\t\t\t\t<\/div>\n\t\t\t\t\t<\/div>\n\t\t\t\t<\/div>\n\t\t\t\t<\/div>\n\t\t","protected":false},"excerpt":{"rendered":"<p>Siemens Aera, Skyra i rodzina produkt\u00f3w RM (Avanto, Espree) Kod kursu MEDP-SIESERVMRI Organizator szkolenia Niezale\u017cne szkolenie MEDPLAN Modalno\u015b\u0107 Rezonans magnetycznyWyposa\u017cenie OEM Philips D\u0142ugo\u015b\u0107 kursu \u2013 10 dniMetoda \u2013 zaj\u0119cia w sali\/laboratoriumLokalizacja \u2013 PolskaData \u2013 22.04.2024Status POTWIERDZONE Uczestnicy: in\u017cynierowie serwisu, in\u017cynierowie biomedyczni, technicy,kierownik techniczny Szczeg\u00f3\u0142y Kurs z zakresu obs\u0142ugi urz\u0105dze\u0144 Siemens Aera, Skyra i rodziny produkt\u00f3w&#8230;<\/p>\n","protected":false},"author":2,"featured_media":0,"parent":0,"menu_order":0,"comment_status":"closed","ping_status":"closed","template":"elementor_header_footer","meta":{"_kadence_starter_templates_imported_post":false,"_swpsp_post_exclude":false,"_kad_post_transparent":"","_kad_post_title":"hide","_kad_post_layout":"fullwidth","_kad_post_sidebar_id":"","_kad_post_content_style":"unboxed","_kad_post_vertical_padding":"hide","_kad_post_feature":"hide","_kad_post_feature_position":"","_kad_post_header":false,"_kad_post_footer":false,"_kad_post_classname":"","footnotes":""},"class_list":["post-11630","page","type-page","status-publish","hentry"],"_links":{"self":[{"href":"https:\/\/medplan-imaging.com\/pl\/wp-json\/wp\/v2\/pages\/11630","targetHints":{"allow":["GET"]}}],"collection":[{"href":"https:\/\/medplan-imaging.com\/pl\/wp-json\/wp\/v2\/pages"}],"about":[{"href":"https:\/\/medplan-imaging.com\/pl\/wp-json\/wp\/v2\/types\/page"}],"author":[{"embeddable":true,"href":"https:\/\/medplan-imaging.com\/pl\/wp-json\/wp\/v2\/users\/2"}],"replies":[{"embeddable":true,"href":"https:\/\/medplan-imaging.com\/pl\/wp-json\/wp\/v2\/comments?post=11630"}],"version-history":[{"count":0,"href":"https:\/\/medplan-imaging.com\/pl\/wp-json\/wp\/v2\/pages\/11630\/revisions"}],"wp:attachment":[{"href":"https:\/\/medplan-imaging.com\/pl\/wp-json\/wp\/v2\/media?parent=11630"}],"curies":[{"name":"wp","href":"https:\/\/api.w.org\/{rel}","templated":true}]}}