{"id":11632,"date":"2023-11-26T09:38:39","date_gmt":"2023-11-26T07:38:39","guid":{"rendered":"https:\/\/medplan-imaging.com\/szkolenie-z-obslugi-tomografow-ge-revolution-i-discovery\/"},"modified":"2024-04-17T09:12:10","modified_gmt":"2024-04-17T07:12:10","slug":"szkolenie-z-obslugi-tomografow-ge-revolution-i-discovery","status":"publish","type":"page","link":"https:\/\/medplan-imaging.com\/pl\/szkolenie-z-obslugi-tomografow-ge-revolution-i-discovery\/","title":{"rendered":"Szkolenie z obs\u0142ugi tomograf\u00f3w GE Revolution i Discovery"},"content":{"rendered":"\t\t<div data-elementor-type=\"wp-page\" data-elementor-id=\"11632\" class=\"elementor elementor-11632\" data-elementor-post-type=\"page\">\n\t\t\t\t<div class=\"elementor-element elementor-element-421caa8 e-flex e-con-boxed e-con e-parent\" data-id=\"421caa8\" data-element_type=\"container\" data-e-type=\"container\">\n\t\t\t\t\t<div class=\"e-con-inner\">\n\t\t\t\t<div class=\"elementor-element elementor-element-de7018e elementor-widget elementor-widget-spacer\" data-id=\"de7018e\" data-element_type=\"widget\" data-e-type=\"widget\" data-widget_type=\"spacer.default\">\n\t\t\t\t<div class=\"elementor-widget-container\">\n\t\t\t\t\t\t\t<div class=\"elementor-spacer\">\n\t\t\t<div class=\"elementor-spacer-inner\"><\/div>\n\t\t<\/div>\n\t\t\t\t\t\t<\/div>\n\t\t\t\t<\/div>\n\t\t\t\t\t<\/div>\n\t\t\t\t<\/div>\n\t\t<div class=\"elementor-element elementor-element-e40224f e-flex e-con-boxed e-con e-parent\" data-id=\"e40224f\" data-element_type=\"container\" data-e-type=\"container\">\n\t\t\t\t\t<div class=\"e-con-inner\">\n\t\t<div class=\"elementor-element elementor-element-c05ebe3 e-flex e-con-boxed e-con e-child\" data-id=\"c05ebe3\" data-element_type=\"container\" data-e-type=\"container\">\n\t\t\t\t\t<div class=\"e-con-inner\">\n\t\t<div class=\"elementor-element elementor-element-90d796d e-flex e-con-boxed e-con e-child\" data-id=\"90d796d\" data-element_type=\"container\" data-e-type=\"container\">\n\t\t\t\t\t<div class=\"e-con-inner\">\n\t\t<div class=\"elementor-element elementor-element-4094302 e-flex e-con-boxed e-con e-child\" data-id=\"4094302\" data-element_type=\"container\" data-e-type=\"container\">\n\t\t\t\t\t<div class=\"e-con-inner\">\n\t\t\t\t<div class=\"elementor-element elementor-element-82ef50a elementor-widget elementor-widget-image\" data-id=\"82ef50a\" data-element_type=\"widget\" data-e-type=\"widget\" data-widget_type=\"image.default\">\n\t\t\t\t<div class=\"elementor-widget-container\">\n\t\t\t\t\t\t\t\t\t\t\t\t\t\t\t<img fetchpriority=\"high\" decoding=\"async\" width=\"251\" height=\"201\" src=\"https:\/\/medplan-imaging.com\/wp-content\/uploads\/2023\/11\/11.jpg\" class=\"attachment-large size-large wp-image-4901\" alt=\"\" \/>\t\t\t\t\t\t\t\t\t\t\t\t\t\t\t<\/div>\n\t\t\t\t<\/div>\n\t\t\t\t<div class=\"elementor-element elementor-element-6bd0a35 elementor-widget elementor-widget-heading\" data-id=\"6bd0a35\" data-element_type=\"widget\" data-e-type=\"widget\" data-widget_type=\"heading.default\">\n\t\t\t\t<div class=\"elementor-widget-container\">\n\t\t\t\t\t<h2 class=\"elementor-heading-title elementor-size-default\">Obs\u0142uga tomograf\u00f3w GE Revolution i Discovery\nSzkolenie<\/h2>\t\t\t\t<\/div>\n\t\t\t\t<\/div>\n\t\t\t\t\t<\/div>\n\t\t\t\t<\/div>\n\t\t<div class=\"elementor-element elementor-element-5764737 e-flex e-con-boxed e-con e-child\" data-id=\"5764737\" data-element_type=\"container\" data-e-type=\"container\">\n\t\t\t\t\t<div class=\"e-con-inner\">\n\t\t\t\t<div class=\"elementor-element elementor-element-52c04ed elementor-widget elementor-widget-text-editor\" data-id=\"52c04ed\" data-element_type=\"widget\" data-e-type=\"widget\" data-widget_type=\"text-editor.default\">\n\t\t\t\t<div class=\"elementor-widget-container\">\n\t\t\t\t\t\t\t\t\t<p><strong>Kod kursu<\/strong> MEDP-GEREVSERVCT<\/p><p><strong>Organizator <\/strong><strong>szkolenia <\/strong>Niezale\u017cne szkolenie MEDPLAN<\/p><p><strong>Modalno\u015b\u0107<\/strong> Tomografia komputerowa<br \/><strong>Wyposa\u017cenie OEM<\/strong> GE HealthCare<\/p><p><strong>D\u0142ugo\u015b\u0107 kursu<\/strong> \u2013 5 dni<br \/><strong>Metoda<\/strong> \u2013 zaj\u0119cia w sali\/laboratorium<br \/><strong>Lokalizacja<\/strong> \u2013 Polska<br \/><strong>Data<\/strong> \u2013 29.04.2024<br \/><strong>Status<\/strong> <span style=\"color: #339966;\"><strong>POTWIERDZONE<\/strong><\/span><\/p><p><strong>Uczestnicy<\/strong>: in\u017cynierowie serwisu, in\u017cynierowie biomedyczni, technicy,kierownik techniczny<\/p>\t\t\t\t\t\t\t\t<\/div>\n\t\t\t\t<\/div>\n\t\t\t\t\t<\/div>\n\t\t\t\t<\/div>\n\t\t\t\t\t<\/div>\n\t\t\t\t<\/div>\n\t\t<div class=\"elementor-element elementor-element-dca7dbb e-flex e-con-boxed e-con e-child\" data-id=\"dca7dbb\" data-element_type=\"container\" data-e-type=\"container\">\n\t\t\t\t\t<div class=\"e-con-inner\">\n\t\t\t\t<div class=\"elementor-element elementor-element-71b157f elementor-widget elementor-widget-text-editor\" data-id=\"71b157f\" data-element_type=\"widget\" data-e-type=\"widget\" data-widget_type=\"text-editor.default\">\n\t\t\t\t<div class=\"elementor-widget-container\">\n\t\t\t\t\t\t\t\t\t<p><strong>Szczeg\u00f3\u0142y<\/strong><\/p>\n<p>Obs\u0142uga system\u00f3w TK GE HD to kurs polegaj\u0105cy na doskonaleniu umiej\u0119tno\u015bci, b\u0119d\u0105cy kontynuacj\u0105 kursu Obs\u0142uga system\u00f3w TK GE Non-HD. Poznaj\u0105c wymogi i uczestnicz\u0105c w kursie, specjali\u015bci ds. serwisu zyskuj\u0105 wi\u0119ksz\u0105 pewno\u015b\u0107 w zakresie obs\u0142ugi tomograf\u00f3w Discovery CT750HD, Discovery KT, Revolution HD i Revolution Discovery w\/GSI oraz system\u00f3w TK konfiguracji HD. Ten kurs obejmuje r\u00f3\u017cne systemy gantry, systemy sto\u0142\u00f3w, konfiguracje detektora HD (HD-HDAS\/HD-CDAS), detektory HD (HD-HDAS\/MERC40), konfiguracje konsoli, lampy Performix HD\/HD Plus i generator JEDI SC100, kontrol\u0119 wirnika, i systemy energetyczne rodziny system\u00f3w GE TK HD.<\/p>\n<p>Po uko\u0144czeniu kursu uczestnicy zdob\u0119d\u0105 nast\u0119puj\u0105ce umiej\u0119tno\u015bci:<\/p>\n<p>\u2013 wykonanie planowanych konserwacji system\u00f3w GE TK HD,<br \/>\u2013 wymiana lampy, korekta i ponowna kalibracja systemu,<br \/>\u2013 kalibracja, testowanie, naprawa\/wymiana i ustawienie kolimatora,<br \/>\u2013 kalibracja, naprawa, ustawienie i wykorzystanie narz\u0119dzi diagnostycznych do przeprowadzenia test\u00f3w czy oceny wydajno\u015bci DAS i monta\u017cu detektora,<br \/>\u2013 kalibracja, testowanie, wymiana i ustawienie sprz\u0119tu zwi\u0105zanego z gantr\u0105 i systemami transportu pacjenta,<br \/>\u2013 diagnostyka i naprawa b\u0142\u0119d\u00f3w powsta\u0142ych podczas sekwencji skanowania,<br \/>rozwi\u0105zywanie problem\u00f3w z gantr\u0105, transportem pacjenta i systemem promieniowania,<br \/>\u2013 diagnostyka i rozwi\u0105zywanie problem\u00f3w dotycz\u0105cych systemu akwizycji danych (DAS) i matrycy detektor\u00f3w,<br \/>\u2013 diagnostyka i rozwi\u0105zywanie problem\u00f3w dotycz\u0105cych transferu danych i system\u00f3w przetwarzania obraz\u00f3w,<br \/>\u2013 rozwi\u0105zywanie problem\u00f3w.<\/p>\n\t\t\t\t\t\t\t\t<\/div>\n\t\t\t\t<\/div>\n\t\t<div class=\"elementor-element elementor-element-fdd4ccc e-con-full e-flex e-con e-child\" data-id=\"fdd4ccc\" data-element_type=\"container\" data-e-type=\"container\">\n\t\t\t\t<div class=\"elementor-element elementor-element-1d968ee e-fit_to_content elementor-widget__width-inherit e-n-menu-none e-n-menu-layout-horizontal elementor-invisible elementor-widget elementor-widget-n-menu\" data-id=\"1d968ee\" data-element_type=\"widget\" data-e-type=\"widget\" data-settings=\"{&quot;menu_items&quot;:[{&quot;_id&quot;:&quot;2937f6c&quot;,&quot;item_title&quot;:&quot;Wy\\u015blij zapytanie&quot;,&quot;item_dropdown_content&quot;:&quot;yes&quot;,&quot;index&quot;:0,&quot;item_link&quot;:{&quot;url&quot;:&quot;&quot;,&quot;is_external&quot;:&quot;&quot;,&quot;nofollow&quot;:&quot;&quot;,&quot;custom_attributes&quot;:&quot;&quot;},&quot;item_icon&quot;:{&quot;value&quot;:&quot;&quot;,&quot;library&quot;:&quot;&quot;},&quot;item_icon_active&quot;:null,&quot;element_id&quot;:&quot;&quot;}],&quot;content_width&quot;:&quot;fit_to_content&quot;,&quot;item_position_horizontal&quot;:&quot;center&quot;,&quot;open_animation&quot;:&quot;fadeIn&quot;,&quot;_animation&quot;:&quot;fadeInUp&quot;,&quot;breakpoint_selector&quot;:&quot;none&quot;,&quot;open_on&quot;:&quot;click&quot;,&quot;item_layout&quot;:&quot;horizontal&quot;,&quot;horizontal_scroll&quot;:&quot;disable&quot;,&quot;menu_item_title_distance_from_content&quot;:{&quot;unit&quot;:&quot;px&quot;,&quot;size&quot;:0,&quot;sizes&quot;:[]},&quot;menu_item_title_distance_from_content_tablet&quot;:{&quot;unit&quot;:&quot;px&quot;,&quot;size&quot;:&quot;&quot;,&quot;sizes&quot;:[]},&quot;menu_item_title_distance_from_content_mobile&quot;:{&quot;unit&quot;:&quot;px&quot;,&quot;size&quot;:&quot;&quot;,&quot;sizes&quot;:[]}}\" data-widget_type=\"mega-menu.default\">\n\t\t\t\t<div class=\"elementor-widget-container\">\n\t\t\t\t\t\t\t<nav class=\"e-n-menu\" data-widget-number=\"310\" aria-label=\"Menu\">\n\t\t\t\t\t<button class=\"e-n-menu-toggle\" id=\"menu-toggle-310\" aria-haspopup=\"true\" aria-expanded=\"false\" aria-controls=\"menubar-310\" aria-label=\"Menu Toggle\">\n\t\t\t<span class=\"e-n-menu-toggle-icon e-open\">\n\t\t\t\t<svg class=\"e-font-icon-svg e-eicon-menu-bar\" viewBox=\"0 0 1000 1000\" xmlns=\"http:\/\/www.w3.org\/2000\/svg\"><path d=\"M104 333H896C929 333 958 304 958 271S929 208 896 208H104C71 208 42 237 42 271S71 333 104 333ZM104 583H896C929 583 958 554 958 521S929 458 896 458H104C71 458 42 487 42 521S71 583 104 583ZM104 833H896C929 833 958 804 958 771S929 708 896 708H104C71 708 42 737 42 771S71 833 104 833Z\"><\/path><\/svg>\t\t\t<\/span>\n\t\t\t<span class=\"e-n-menu-toggle-icon e-close\">\n\t\t\t\t<svg class=\"e-font-icon-svg e-eicon-close\" viewBox=\"0 0 1000 1000\" xmlns=\"http:\/\/www.w3.org\/2000\/svg\"><path d=\"M742 167L500 408 258 167C246 154 233 150 217 150 196 150 179 158 167 167 154 179 150 196 150 212 150 229 154 242 171 254L408 500 167 742C138 771 138 800 167 829 196 858 225 858 254 829L496 587 738 829C750 842 767 846 783 846 800 846 817 842 829 829 842 817 846 804 846 783 846 767 842 750 829 737L588 500 833 258C863 229 863 200 833 171 804 137 775 137 742 167Z\"><\/path><\/svg>\t\t\t<\/span>\n\t\t<\/button>\n\t\t\t\t\t<div class=\"e-n-menu-wrapper\" id=\"menubar-310\" aria-labelledby=\"menu-toggle-310\">\n\t\t\t\t<ul class=\"e-n-menu-heading\">\n\t\t\t\t\t\t\t\t<li class=\"e-n-menu-item\">\n\t\t\t\t<div id=\"e-n-menu-title-3101\" class=\"e-n-menu-title e-click\">\n\t\t\t\t\t<div class=\"e-n-menu-title-container\">\t\t\t\t\t\t\t\t\t\t\t\t<span class=\"e-n-menu-title-text\">\n\t\t\t\t\t\t\tWy\u015blij zapytanie\t\t\t\t\t\t<\/span>\n\t\t\t\t\t<\/div>\t\t\t\t\t\t\t\t\t\t\t<button id=\"e-n-menu-dropdown-icon-3101\" class=\"e-n-menu-dropdown-icon e-focus\" data-tab-index=\"1\" aria-haspopup=\"true\" aria-expanded=\"false\" aria-controls=\"e-n-menu-content-3101\" >\n\t\t\t\t\t\t\t<span class=\"e-n-menu-dropdown-icon-opened\">\n\t\t\t\t\t\t\t\t\t\t\t\t\t\t\t\t<span class=\"elementor-screen-only\">Close Wy\u015blij zapytanie<\/span>\n\t\t\t\t\t\t\t<\/span>\n\t\t\t\t\t\t\t<span class=\"e-n-menu-dropdown-icon-closed\">\n\t\t\t\t\t\t\t\t\t\t\t\t\t\t\t\t<span class=\"elementor-screen-only\">Open Wy\u015blij zapytanie<\/span>\n\t\t\t\t\t\t\t<\/span>\n\t\t\t\t\t\t<\/button>\n\t\t\t\t\t\t\t\t\t<\/div>\n\t\t\t\t\t\t\t\t\t<div class=\"e-n-menu-content\">\n\t\t\t\t\t\t<div id=\"e-n-menu-content-3101\" data-tab-index=\"1\" aria-labelledby=\"e-n-menu-dropdown-icon-3101\" class=\"elementor-element elementor-element-cd292a5 e-flex e-con-boxed e-con e-child\" data-id=\"cd292a5\" data-element_type=\"container\" data-e-type=\"container\" data-settings=\"{&quot;background_background&quot;:&quot;classic&quot;}\">\n\t\t\t\t\t<div class=\"e-con-inner\">\n\t\t\t\t<div class=\"elementor-element elementor-element-6a03077 elementor-button-align-center elementor-widget elementor-widget-form\" data-id=\"6a03077\" data-element_type=\"widget\" data-e-type=\"widget\" data-settings=\"{&quot;step_next_label&quot;:&quot;Dalej&quot;,&quot;step_previous_label&quot;:&quot;Wstecz&quot;,&quot;step_icon_shape&quot;:&quot;none&quot;,&quot;button_width&quot;:&quot;100&quot;,&quot;step_type&quot;:&quot;number_text&quot;}\" data-widget_type=\"form.default\">\n\t\t\t\t<div class=\"elementor-widget-container\">\n\t\t\t\t\t\t\t<form class=\"elementor-form\" method=\"post\" name=\"Formularz kontaktowy\" aria-label=\"Formularz kontaktowy\" novalidate=\"\">\n\t\t\t<input type=\"hidden\" name=\"post_id\" value=\"11632\"\/>\n\t\t\t<input type=\"hidden\" name=\"form_id\" value=\"6a03077\"\/>\n\t\t\t<input type=\"hidden\" name=\"referer_title\" value=\"Szkolenie z obs\u0142ugi tomograf\u00f3w GE Revolution i Discovery\" \/>\n\n\t\t\t\t\t\t\t<input type=\"hidden\" name=\"queried_id\" value=\"11632\"\/>\n\t\t\t\n\t\t\t<div class=\"elementor-form-fields-wrapper elementor-labels-\">\n\t\t\t\t\t\t\t\t<div class=\"elementor-field-type-text elementor-field-group elementor-column elementor-field-group-name elementor-col-50 elementor-field-required\">\n\t\t\t\t\t\t\t\t\t\t\t\t<label for=\"form-field-name\" class=\"elementor-field-label elementor-screen-only\">\n\t\t\t\t\t\t\t\tImi\u0119\t\t\t\t\t\t\t<\/label>\n\t\t\t\t\t\t\t\t\t\t\t\t\t\t<input size=\"1\" type=\"text\" name=\"form_fields[name]\" id=\"form-field-name\" class=\"elementor-field elementor-size-md  elementor-field-textual\" placeholder=\"Imi\u0119\" required=\"required\">\n\t\t\t\t\t\t\t\t\t\t\t<\/div>\n\t\t\t\t\t\t\t\t<div class=\"elementor-field-type-text elementor-field-group elementor-column elementor-field-group-field_45db346 elementor-col-50 elementor-field-required\">\n\t\t\t\t\t\t\t\t\t\t\t\t<label for=\"form-field-field_45db346\" class=\"elementor-field-label elementor-screen-only\">\n\t\t\t\t\t\t\t\tNazwisko\t\t\t\t\t\t\t<\/label>\n\t\t\t\t\t\t\t\t\t\t\t\t\t\t<input size=\"1\" type=\"text\" name=\"form_fields[field_45db346]\" id=\"form-field-field_45db346\" class=\"elementor-field elementor-size-md  elementor-field-textual\" placeholder=\"Nazwisko\" required=\"required\">\n\t\t\t\t\t\t\t\t\t\t\t<\/div>\n\t\t\t\t\t\t\t\t<div class=\"elementor-field-type-email elementor-field-group elementor-column elementor-field-group-email elementor-col-50 elementor-field-required\">\n\t\t\t\t\t\t\t\t\t\t\t\t<label for=\"form-field-email\" class=\"elementor-field-label elementor-screen-only\">\n\t\t\t\t\t\t\t\tAdres e-mail\t\t\t\t\t\t\t<\/label>\n\t\t\t\t\t\t\t\t\t\t\t\t\t\t<input size=\"1\" type=\"email\" name=\"form_fields[email]\" id=\"form-field-email\" class=\"elementor-field elementor-size-md  elementor-field-textual\" placeholder=\"Adres e-mail\" required=\"required\">\n\t\t\t\t\t\t\t\t\t\t\t<\/div>\n\t\t\t\t\t\t\t\t<div class=\"elementor-field-type-tel elementor-field-group elementor-column elementor-field-group-field_6c180a9 elementor-col-50 elementor-field-required\">\n\t\t\t\t\t\t\t\t\t\t\t\t<label for=\"form-field-field_6c180a9\" class=\"elementor-field-label elementor-screen-only\">\n\t\t\t\t\t\t\t\tNumer telefonu\t\t\t\t\t\t\t<\/label>\n\t\t\t\t\t\t\t\t<input size=\"1\" type=\"tel\" name=\"form_fields[field_6c180a9]\" id=\"form-field-field_6c180a9\" class=\"elementor-field elementor-size-md  elementor-field-textual\" placeholder=\"Numer telefonu\" required=\"required\" pattern=\"[0-9()#&amp;+*-=.]+\" title=\"Akceptowane s\u0105 jedynie cyfry i znaki telefoniczne (#,-,*).\">\n\n\t\t\t\t\t\t<\/div>\n\t\t\t\t\t\t\t\t<div class=\"elementor-field-type-radio elementor-field-group elementor-column elementor-field-group-field_541655c elementor-col-100\">\n\t\t\t\t\t\t\t\t\t\t\t\t<label for=\"form-field-field_541655c\" class=\"elementor-field-label elementor-screen-only\">\n\t\t\t\t\t\t\t\tKursant\t\t\t\t\t\t\t<\/label>\n\t\t\t\t\t\t<div class=\"elementor-field-subgroup  \"><span class=\"elementor-field-option\"><input type=\"radio\" value=\"Chc\u0119 zapisa\u0107 si\u0119 na kurs\" id=\"form-field-field_541655c-0\" name=\"form_fields[field_541655c]\"> <label for=\"form-field-field_541655c-0\">Chc\u0119 zapisa\u0107 si\u0119 na kurs<\/label><\/span><span class=\"elementor-field-option\"><input type=\"radio\" value=\"Chc\u0119 zosta\u0107 instruktorem (do\u0142\u0105cz CV poni\u017cej)\" id=\"form-field-field_541655c-1\" name=\"form_fields[field_541655c]\"> <label for=\"form-field-field_541655c-1\">Chc\u0119 zosta\u0107 instruktorem (do\u0142\u0105cz CV poni\u017cej)<\/label><\/span><\/div>\t\t\t\t<\/div>\n\t\t\t\t\t\t\t\t<div class=\"elementor-field-type-textarea elementor-field-group elementor-column elementor-field-group-message elementor-col-100\">\n\t\t\t\t\t\t\t\t\t\t\t\t<label for=\"form-field-message\" class=\"elementor-field-label elementor-screen-only\">\n\t\t\t\t\t\t\t\tWiadomo\u015b\u0107\t\t\t\t\t\t\t<\/label>\n\t\t\t\t\t\t<textarea class=\"elementor-field-textual elementor-field  elementor-size-md\" name=\"form_fields[message]\" id=\"form-field-message\" rows=\"4\" placeholder=\"Wiadomo\u015b\u0107\"><\/textarea>\t\t\t\t<\/div>\n\t\t\t\t\t\t\t\t<div class=\"elementor-field-type-upload elementor-field-group elementor-column elementor-field-group-field_ab411b3 elementor-col-100\">\n\t\t\t\t\t\t\t\t\t\t\t\t<label for=\"form-field-field_ab411b3\" class=\"elementor-field-label elementor-screen-only\">\n\t\t\t\t\t\t\t\tPlik\t\t\t\t\t\t\t<\/label>\n\t\t\t\t\t\t\t\t<input type=\"file\" name=\"form_fields[field_ab411b3][]\" id=\"form-field-field_ab411b3\" class=\"elementor-field elementor-size-md  elementor-upload-field\" multiple=\"multiple\" data-maxsize=\"15\" data-maxsize-message=\"Rozmiar pliku przekracza dozwolony rozmiar.\">\n\n\t\t\t\t\t\t<\/div>\n\t\t\t\t\t\t\t\t<div class=\"elementor-field-group elementor-column elementor-field-type-submit elementor-col-100 e-form__buttons\">\n\t\t\t\t\t<button class=\"elementor-button elementor-size-sm\" type=\"submit\">\n\t\t\t\t\t\t<span class=\"elementor-button-content-wrapper\">\n\t\t\t\t\t\t\t\t\t\t\t\t\t\t\t\t\t\t\t\t\t\t<span class=\"elementor-button-text\">Wy\u015blij<\/span>\n\t\t\t\t\t\t\t\t\t\t\t\t\t<\/span>\n\t\t\t\t\t<\/button>\n\t\t\t\t<\/div>\n\t\t\t<\/div>\n\t\t<\/form>\n\t\t\t\t\t\t<\/div>\n\t\t\t\t<\/div>\n\t\t\t\t\t<\/div>\n\t\t\t\t<\/div>\n\t\t\t\t\t\t\t<\/div>\n\t\t\t\t\t\t\t<\/li>\n\t\t\t\t\t\t<\/ul>\n\t\t\t<\/div>\n\t\t<\/nav>\n\t\t\t\t\t\t<\/div>\n\t\t\t\t<\/div>\n\t\t\t\t<\/div>\n\t\t\t\t\t<\/div>\n\t\t\t\t<\/div>\n\t\t\t\t\t<\/div>\n\t\t\t\t<\/div>\n\t\t\t\t\t<\/div>\n\t\t\t\t<\/div>\n\t\t<div class=\"elementor-element elementor-element-28cdd85 e-flex e-con-boxed e-con e-parent\" data-id=\"28cdd85\" data-element_type=\"container\" data-e-type=\"container\">\n\t\t\t\t\t<div class=\"e-con-inner\">\n\t\t\t\t<div class=\"elementor-element elementor-element-5052a08 elementor-widget elementor-widget-spacer\" data-id=\"5052a08\" data-element_type=\"widget\" data-e-type=\"widget\" data-widget_type=\"spacer.default\">\n\t\t\t\t<div class=\"elementor-widget-container\">\n\t\t\t\t\t\t\t<div class=\"elementor-spacer\">\n\t\t\t<div class=\"elementor-spacer-inner\"><\/div>\n\t\t<\/div>\n\t\t\t\t\t\t<\/div>\n\t\t\t\t<\/div>\n\t\t\t\t\t<\/div>\n\t\t\t\t<\/div>\n\t\t\t\t<\/div>\n\t\t","protected":false},"excerpt":{"rendered":"<p>Obs\u0142uga tomograf\u00f3w GE Revolution i Discovery Szkolenie Kod kursu MEDP-GEREVSERVCT Organizator szkolenia Niezale\u017cne szkolenie MEDPLAN Modalno\u015b\u0107 Tomografia komputerowaWyposa\u017cenie OEM GE HealthCare D\u0142ugo\u015b\u0107 kursu \u2013 5 dniMetoda \u2013 zaj\u0119cia w sali\/laboratoriumLokalizacja \u2013 PolskaData \u2013 29.04.2024Status POTWIERDZONE Uczestnicy: in\u017cynierowie serwisu, in\u017cynierowie biomedyczni, technicy,kierownik techniczny Szczeg\u00f3\u0142y Obs\u0142uga system\u00f3w TK GE HD to kurs polegaj\u0105cy na doskonaleniu umiej\u0119tno\u015bci, b\u0119d\u0105cy&#8230;<\/p>\n","protected":false},"author":2,"featured_media":0,"parent":0,"menu_order":0,"comment_status":"closed","ping_status":"closed","template":"elementor_header_footer","meta":{"_kadence_starter_templates_imported_post":false,"_swpsp_post_exclude":false,"_kad_post_transparent":"","_kad_post_title":"hide","_kad_post_layout":"fullwidth","_kad_post_sidebar_id":"","_kad_post_content_style":"unboxed","_kad_post_vertical_padding":"hide","_kad_post_feature":"hide","_kad_post_feature_position":"","_kad_post_header":false,"_kad_post_footer":false,"_kad_post_classname":"","footnotes":""},"class_list":["post-11632","page","type-page","status-publish","hentry"],"_links":{"self":[{"href":"https:\/\/medplan-imaging.com\/pl\/wp-json\/wp\/v2\/pages\/11632","targetHints":{"allow":["GET"]}}],"collection":[{"href":"https:\/\/medplan-imaging.com\/pl\/wp-json\/wp\/v2\/pages"}],"about":[{"href":"https:\/\/medplan-imaging.com\/pl\/wp-json\/wp\/v2\/types\/page"}],"author":[{"embeddable":true,"href":"https:\/\/medplan-imaging.com\/pl\/wp-json\/wp\/v2\/users\/2"}],"replies":[{"embeddable":true,"href":"https:\/\/medplan-imaging.com\/pl\/wp-json\/wp\/v2\/comments?post=11632"}],"version-history":[{"count":0,"href":"https:\/\/medplan-imaging.com\/pl\/wp-json\/wp\/v2\/pages\/11632\/revisions"}],"wp:attachment":[{"href":"https:\/\/medplan-imaging.com\/pl\/wp-json\/wp\/v2\/media?parent=11632"}],"curies":[{"name":"wp","href":"https:\/\/api.w.org\/{rel}","templated":true}]}}